{"id":155,"date":"2024-01-11T21:44:31","date_gmt":"2024-01-11T20:44:31","guid":{"rendered":"https:\/\/dudziakwypozyczalnia.com\/?page_id=155"},"modified":"2024-01-15T22:37:55","modified_gmt":"2024-01-15T21:37:55","slug":"zasady-wynajmu","status":"publish","type":"page","link":"https:\/\/dudziakwypozyczalnia.com\/index.php\/zasady-wynajmu\/","title":{"rendered":"Zasady wynajmu"},"content":{"rendered":"\t\t<div data-elementor-type=\"wp-page\" data-elementor-id=\"155\" class=\"elementor elementor-155\" data-elementor-post-type=\"page\">\n\t\t\t\t<div class=\"elementor-element elementor-element-2ceaa2de e-flex e-con-boxed e-con e-parent\" data-id=\"2ceaa2de\" data-element_type=\"container\">\n\t\t\t\t\t<div class=\"e-con-inner\">\n\t\t\t\t<div class=\"elementor-element elementor-element-4dfa4a92 elementor-widget elementor-widget-text-editor\" data-id=\"4dfa4a92\" data-element_type=\"widget\" data-widget_type=\"text-editor.default\">\n\t\t\t\t<div class=\"elementor-widget-container\">\n\t\t\t\t\t\t\t\t\t\n\n<div class=\"wp-block-kadence-column kadence-column155_62b154-6d\"><div class=\"kt-inside-inner-col\">\n<h2 class=\"wp-block-heading\">REGULAMIN WYPO\u017bYCZALNI SPRZ\u0118TU OGRODNICZEGO DUDZIAK<\/h2>\n\n\n\n<p><strong>1. Warunki wynajmu sprz\u0119tu<\/strong><\/p>\n\n\n\n<p>1.a&nbsp;&nbsp;Podstaw\u0105 wynaj\u0119cia sprz\u0119tu jest spisanie umowy wynajmu pomi\u0119dzy Wypo\u017cyczalni\u0105 a Wynajmuj\u0105cym.&nbsp;<\/p>\n\n\n\n<p>1.b&nbsp;Umowa spisywana jest na podstawie dw\u00f3ch wa\u017cnych dokument\u00f3w.<\/p>\n\n\n\n<p>1.c&nbsp;&nbsp;Obowi\u0105zkowo pobierana jest kaucja, kt\u00f3ra zostaje zwr\u00f3cona Wynajmuj\u0105cemu.<\/p>\n\n\n\n<p>1.d&nbsp;Pieni\u0105dze za wynajem oraz kaucja s\u0105 pobierane tylko w formie got\u00f3wki.<\/p>\n\n\n\n<p><strong>2. Zobowi\u0105zania Najemcy<\/strong><\/p>\n\n\n\n<p>1.a&nbsp;&nbsp;Najemca zobowi\u0105zany jest do zwrotu sprz\u0119tu w stanie nienaruszonym.<\/p>\n\n\n\n<p>1.b&nbsp;Obowi\u0105zkiem najemcy jest post\u0119powanie zgodnie z instrukcj\u0105 obs\u0142ugi przedstawion\u0105 przez pracownika Wypo\u017cyczalni.<\/p>\n\n\n\n<p>1.c&nbsp;&nbsp;Najemca zobowi\u0105zany jest do op\u0142aty zgodnie z przedstawionym cennikiem oraz do uiszczenia kaucji.<\/p>\n\n\n\n<p>1.d&nbsp;&nbsp;Od chwili podpisania umowy Wynajmuj\u0105cy jest odpowiedzialny za wynaj\u0119ty sprz\u0119t, kt\u00f3ry mo\u017ce by\u0107 u\u017cytkowany wy\u0142\u0105cznie przez niego bez ingerencji os\u00f3b trzecich.&nbsp;<\/p>\n\n\n\n<p>1.e&nbsp;Najemca zobowi\u0105zany jest zap\u0142aci\u0107 Wynajmuj\u0105cemu warto\u015b\u0107 rynkow\u0105 sprz\u0119tu w razie jego zagini\u0119cia, utraty lub zniszczenia.<\/p>\n\n\n\n<p>1.f&nbsp;W przypadku uszkodzenia b\u0105d\u017a awarii sprz\u0119tu, Najemca ma obowi\u0105zek zg\u0142oszenia faktu do wypo\u017cyczalni. Najemca nie b\u0119dzie dokonywa\u0142 napraw na w\u0142asn\u0105 r\u0119k\u0119.&nbsp;<\/p>\n\n\n\n<p>1.g&nbsp;&nbsp;Najemca zobowi\u0105zuje si\u0119 do u\u017cytku paliwa przygotowanego tylko i wy\u0142\u0105cznie przez firm\u0119 wypo\u017cyczaj\u0105c\u0105 z uwagi na dba\u0142o\u015b\u0107 o sprz\u0119t. Ceny paliwa udost\u0119pnionego przez wypo\u017cyczalnie b\u0119d\u0105 pokrywa\u0142y si\u0119 z aktualnymi cenami rynkowymi.<\/p>\n\n\n\n<p>1.h&nbsp;&nbsp;Najemca zobowi\u0105zuje si\u0119 do zwrotu sprz\u0119tu kompletnego, sprawnego i oczyszczonego.<\/p>\n\n\n\n<p><strong>3. Zobowi\u0105zania Wynajmuj\u0105cego<\/strong><\/p>\n\n\n\n<p>1.a&nbsp;&nbsp; Wynajmuj\u0105cy wypo\u017cycza sprz\u0119t w pe\u0142ni sprawny, ma obowi\u0105zek przeszkoli\u0107 Wynajmuj\u0105cego w zakresie dzia\u0142ania sprz\u0119tu<\/p>\n\n\n\n<p>oraz prawid\u0142owego jego u\u017cytkowania.<\/p>\n\n\n\n<p>1.b&nbsp;Wynajmuj\u0105cy nie ponosi odpowiedzialno\u015bci za ewentualne wypadki powsta\u0142e w wyniku u\u017cytkowania sprz\u0119tu.<\/p>\n\n\n\n<p>1.c&nbsp; Wynajmuj\u0105cy ma obowi\u0105zek ochrony danych osobowych przekazanych przez Wynajmuj\u0105cego.<\/p>\n<\/div><\/div>\n\n\t\t\t\t\t\t\t\t<\/div>\n\t\t\t\t<\/div>\n\t\t\t\t\t<\/div>\n\t\t\t\t<\/div>\n\t\t\t\t<\/div>\n\t\t","protected":false},"excerpt":{"rendered":"","protected":false},"author":1,"featured_media":0,"parent":0,"menu_order":0,"comment_status":"closed","ping_status":"closed","template":"elementor_header_footer","meta":{"_acf_changed":false,"footnotes":""},"class_list":["post-155","page","type-page","status-publish","hentry"],"acf":[],"_links":{"self":[{"href":"https:\/\/dudziakwypozyczalnia.com\/index.php\/wp-json\/wp\/v2\/pages\/155","targetHints":{"allow":["GET"]}}],"collection":[{"href":"https:\/\/dudziakwypozyczalnia.com\/index.php\/wp-json\/wp\/v2\/pages"}],"about":[{"href":"https:\/\/dudziakwypozyczalnia.com\/index.php\/wp-json\/wp\/v2\/types\/page"}],"author":[{"embeddable":true,"href":"https:\/\/dudziakwypozyczalnia.com\/index.php\/wp-json\/wp\/v2\/users\/1"}],"replies":[{"embeddable":true,"href":"https:\/\/dudziakwypozyczalnia.com\/index.php\/wp-json\/wp\/v2\/comments?post=155"}],"version-history":[{"count":8,"href":"https:\/\/dudziakwypozyczalnia.com\/index.php\/wp-json\/wp\/v2\/pages\/155\/revisions"}],"predecessor-version":[{"id":685,"href":"https:\/\/dudziakwypozyczalnia.com\/index.php\/wp-json\/wp\/v2\/pages\/155\/revisions\/685"}],"wp:attachment":[{"href":"https:\/\/dudziakwypozyczalnia.com\/index.php\/wp-json\/wp\/v2\/media?parent=155"}],"curies":[{"name":"wp","href":"https:\/\/api.w.org\/{rel}","templated":true}]}}