{"id":867,"date":"2024-01-17T13:54:16","date_gmt":"2024-01-17T12:54:16","guid":{"rendered":"https:\/\/dudziakwypozyczalnia.com\/?page_id=867"},"modified":"2024-05-19T19:54:22","modified_gmt":"2024-05-19T17:54:22","slug":"uslugi","status":"publish","type":"page","link":"https:\/\/dudziakwypozyczalnia.com\/index.php\/uslugi\/","title":{"rendered":"Us\u0142ugi"},"content":{"rendered":"\t\t<div data-elementor-type=\"wp-page\" data-elementor-id=\"867\" class=\"elementor elementor-867\" data-elementor-post-type=\"page\">\n\t\t\t\t<div class=\"elementor-element elementor-element-13531a2 e-flex e-con-boxed e-con e-parent\" data-id=\"13531a2\" data-element_type=\"container\">\n\t\t\t\t\t<div class=\"e-con-inner\">\n\t\t<div class=\"elementor-element elementor-element-749a214 e-con-full e-flex e-con e-child\" data-id=\"749a214\" data-element_type=\"container\">\n\t\t\t\t<div class=\"elementor-element elementor-element-89f78c9 elementor-widget elementor-widget-heading\" data-id=\"89f78c9\" data-element_type=\"widget\" data-widget_type=\"heading.default\">\n\t\t\t\t<div class=\"elementor-widget-container\">\n\t\t\t\t\t<h2 class=\"elementor-heading-title elementor-size-default\">Us\u0142ugi<\/h2>\t\t\t\t<\/div>\n\t\t\t\t<\/div>\n\t\t\t\t<div class=\"elementor-element elementor-element-3960f5f elementor-widget elementor-widget-text-editor\" data-id=\"3960f5f\" data-element_type=\"widget\" data-widget_type=\"text-editor.default\">\n\t\t\t\t<div class=\"elementor-widget-container\">\n\t\t\t\t\t\t\t\t\t<p>Budowa dom\u00f3w od podstaw, stan surowy, dach.\u00a0<\/p>\t\t\t\t\t\t\t\t<\/div>\n\t\t\t\t<\/div>\n\t\t\t\t<div class=\"elementor-element elementor-element-600a8c4 elementor-widget elementor-widget-text-editor\" data-id=\"600a8c4\" data-element_type=\"widget\" data-widget_type=\"text-editor.default\">\n\t\t\t\t<div class=\"elementor-widget-container\">\n\t\t\t\t\t\t\t\t\t<p>Us\u0142ugi kopark\u0105 oraz wozid\u0142em.<\/p>\t\t\t\t\t\t\t\t<\/div>\n\t\t\t\t<\/div>\n\t\t\t\t<div class=\"elementor-element elementor-element-187e5bf elementor-widget elementor-widget-text-editor\" data-id=\"187e5bf\" data-element_type=\"widget\" data-widget_type=\"text-editor.default\">\n\t\t\t\t<div class=\"elementor-widget-container\">\n\t\t\t\t\t\t\t\t\t<p>Kontakt Artur Dudziak <a href=\"tel:+48571210677\">+48 571 210 677<\/a><\/p><p>\u00a0<\/p><p>\u00a0<\/p><p>Us\u0142ugi glebogryzark\u0105 separacyjn\u0105<\/p><p>kontakt 795615089<\/p>\t\t\t\t\t\t\t\t<\/div>\n\t\t\t\t<\/div>\n\t\t\t\t<\/div>\n\t\t<div class=\"elementor-element elementor-element-a091f58 e-con-full e-flex e-con e-child\" data-id=\"a091f58\" data-element_type=\"container\">\n\t\t\t\t<div class=\"elementor-element elementor-element-76e1f0f elementor-widget elementor-widget-image\" data-id=\"76e1f0f\" data-element_type=\"widget\" data-widget_type=\"image.default\">\n\t\t\t\t<div class=\"elementor-widget-container\">\n\t\t\t\t\t\t\t\t\t\t\t\t\t\t\t<img fetchpriority=\"high\" decoding=\"async\" width=\"800\" height=\"599\" src=\"https:\/\/dudziakwypozyczalnia.com\/wp-content\/uploads\/2024\/01\/unfinished-brick-house-with-wooden-roof-structure-2023-11-27-05-33-52-utc-1024x767.jpg\" class=\"attachment-large size-large wp-image-874\" alt=\"\" srcset=\"https:\/\/dudziakwypozyczalnia.com\/wp-content\/uploads\/2024\/01\/unfinished-brick-house-with-wooden-roof-structure-2023-11-27-05-33-52-utc-1024x767.jpg 1024w, https:\/\/dudziakwypozyczalnia.com\/wp-content\/uploads\/2024\/01\/unfinished-brick-house-with-wooden-roof-structure-2023-11-27-05-33-52-utc-300x225.jpg 300w, https:\/\/dudziakwypozyczalnia.com\/wp-content\/uploads\/2024\/01\/unfinished-brick-house-with-wooden-roof-structure-2023-11-27-05-33-52-utc-768x576.jpg 768w, https:\/\/dudziakwypozyczalnia.com\/wp-content\/uploads\/2024\/01\/unfinished-brick-house-with-wooden-roof-structure-2023-11-27-05-33-52-utc-1536x1151.jpg 1536w, https:\/\/dudziakwypozyczalnia.com\/wp-content\/uploads\/2024\/01\/unfinished-brick-house-with-wooden-roof-structure-2023-11-27-05-33-52-utc-600x450.jpg 600w, https:\/\/dudziakwypozyczalnia.com\/wp-content\/uploads\/2024\/01\/unfinished-brick-house-with-wooden-roof-structure-2023-11-27-05-33-52-utc-64x48.jpg 64w, https:\/\/dudziakwypozyczalnia.com\/wp-content\/uploads\/2024\/01\/unfinished-brick-house-with-wooden-roof-structure-2023-11-27-05-33-52-utc.jpg 1920w\" sizes=\"(max-width: 800px) 100vw, 800px\" \/>\t\t\t\t\t\t\t\t\t\t\t\t\t\t\t<\/div>\n\t\t\t\t<\/div>\n\t\t\t\t<\/div>\n\t\t\t\t\t<\/div>\n\t\t\t\t<\/div>\n\t\t\t\t<\/div>\n\t\t","protected":false},"excerpt":{"rendered":"<p>Us\u0142ugi Budowa dom\u00f3w od podstaw, stan surowy, dach.\u00a0 Us\u0142ugi kopark\u0105 oraz wozid\u0142em. Kontakt Artur Dudziak +48 571 210 677 \u00a0 \u00a0 Us\u0142ugi glebogryzark\u0105 separacyjn\u0105 kontakt 795615089<\/p>\n","protected":false},"author":1,"featured_media":0,"parent":0,"menu_order":0,"comment_status":"closed","ping_status":"closed","template":"elementor_header_footer","meta":{"_acf_changed":false,"footnotes":""},"class_list":["post-867","page","type-page","status-publish","hentry"],"acf":[],"_links":{"self":[{"href":"https:\/\/dudziakwypozyczalnia.com\/index.php\/wp-json\/wp\/v2\/pages\/867","targetHints":{"allow":["GET"]}}],"collection":[{"href":"https:\/\/dudziakwypozyczalnia.com\/index.php\/wp-json\/wp\/v2\/pages"}],"about":[{"href":"https:\/\/dudziakwypozyczalnia.com\/index.php\/wp-json\/wp\/v2\/types\/page"}],"author":[{"embeddable":true,"href":"https:\/\/dudziakwypozyczalnia.com\/index.php\/wp-json\/wp\/v2\/users\/1"}],"replies":[{"embeddable":true,"href":"https:\/\/dudziakwypozyczalnia.com\/index.php\/wp-json\/wp\/v2\/comments?post=867"}],"version-history":[{"count":14,"href":"https:\/\/dudziakwypozyczalnia.com\/index.php\/wp-json\/wp\/v2\/pages\/867\/revisions"}],"predecessor-version":[{"id":1152,"href":"https:\/\/dudziakwypozyczalnia.com\/index.php\/wp-json\/wp\/v2\/pages\/867\/revisions\/1152"}],"wp:attachment":[{"href":"https:\/\/dudziakwypozyczalnia.com\/index.php\/wp-json\/wp\/v2\/media?parent=867"}],"curies":[{"name":"wp","href":"https:\/\/api.w.org\/{rel}","templated":true}]}}