{"id":1011,"date":"2024-01-24T17:32:52","date_gmt":"2024-01-24T16:32:52","guid":{"rendered":"https:\/\/dudziakwypozyczalnia.com\/?post_type=product&#038;p=1011"},"modified":"2024-02-22T21:19:08","modified_gmt":"2024-02-22T20:19:08","slug":"urzadzenie-ekstrakcyjne-puzzi-10-1","status":"publish","type":"product","link":"https:\/\/dudziakwypozyczalnia.com\/index.php\/produkt\/urzadzenie-ekstrakcyjne-puzzi-10-1\/","title":{"rendered":"ODKURZACZ PIOR\u0104CY Puzzi 10\/1"},"content":{"rendered":"","protected":false},"excerpt":{"rendered":"","protected":false},"featured_media":1012,"comment_status":"open","ping_status":"closed","template":"","meta":{"_acf_changed":false},"product_brand":[],"product_cat":[119,155],"product_tag":[],"class_list":{"0":"post-1011","1":"product","2":"type-product","3":"status-publish","4":"has-post-thumbnail","6":"product_cat-asortyment-budowlany","7":"product_cat-odkurzacze-przemyslowe","9":"first","10":"instock","11":"shipping-taxable","12":"purchasable","13":"product-type-simple"},"acf":{"dane_techniczne":"Wydajno\u015b\u0107 powierzchniowa (m\u00b2\/h)\t20 - 25\r\nWydatek powietrza (l\/s)\t74\r\nPodci\u015bnienie (mbar\/kPa)\t254 \/ 25,4\r\nWydajno\u015b\u0107 spryskiwania (l\/min)\t1\r\nCi\u015bnienie spryskiwania (bar)\t1\r\nZbiornik wody: czystej \/ brudnej (l)\t10 \/ 9\r\nMoc turbiny (W)\t1250\r\nMoc pompy (W)\t40\r\nNapi\u0119cie (V\/Hz)\t220 - 240 \/ 50 - 60\r\nWaga bez akcesori\u00f3w (kg)\t10,5\r\nWaga z opakowaniem (kg)\t16,1\r\nWymiary (d\u0142. x szer. x wys.) (mm)\t690 x 325 x 440","Kaucja":400,"Cena za dob\u0119":80,"zastosowanie":"Urz\u0105dzenie dog\u0142\u0119bnie czyszczi runo wyk\u0142adziny usuwaj\u0105c nieprzyjemny zapach i przywracaj\u0105c jej \u015bwie\u017cy wygl\u0105d. W zale\u017cno\u015bci od stopnia zabrudzenia powierzchni mo\u017ce pracowa\u0107 w jednym lub w dw\u00f3ch przej\u015bciach roboczych. Pozostawia jedynie niewielk\u0105 wilgo\u0107 resztkow\u0105, dzi\u0119ki czemu powierzchni\u0119 mo\u017cna u\u017cytkowa\u0107 w kr\u00f3tkim czasie po przeprowadzeniu prac czyszcz\u0105cych. Doskonale sprawdza si\u0119 w hotelach, biurowcach, firmach zajmuj\u0105cych si\u0119 przewozem os\u00f3b oraz w firmach zajmuj\u0105cych si\u0119 czyszczeniem kontraktowym. Nowy model Puzzi zosta\u0142 wyposa\u017cony w nowe akcesoria, kt\u00f3re dodatkowo zwi\u0119kszaj\u0105 komfort pracy i wydajno\u015b\u0107 urz\u0105dze\u0144 - przyk\u0142adem jest elastyczna dysza pod\u0142ogowa wyposa\u017cona w listwy, kt\u00f3re idealnie dopasowuj\u0105 si\u0119 do powierzchni. Du\u017cy, wygodny w\u0142\u0105cznik zosta\u0142 przystosowany do obs\u0142ugi stop\u0105, dzi\u0119ki czemu operator nie musi si\u0119 schyla\u0107. Zbiornik na wod\u0119 brudn\u0105 mo\u017cna \u0142atwo wyj\u0105\u0107 w celu opr\u00f3\u017cnienia, a jego prze\u017aroczysta pokrywa pozwala na kontrolowanie poziomu wody. Dzi\u0119ki bogatemu wyposa\u017ceniu urz\u0105dzenie Puzzi mo\u017cna stosowa\u0107 zar\u00f3wno do czyszczenia wyk\u0142adzin dywanowych jak i tapicerki samochodowej, meblowej oraz pod\u0142\u00f3g twardych. Trwa\u0142e szybkoz\u0142\u0105cze u\u0142atwia szybkie \u0142\u0105czenie w\u0119\u017ca z dysz\u0105.","uwagi":""},"_links":{"self":[{"href":"https:\/\/dudziakwypozyczalnia.com\/index.php\/wp-json\/wp\/v2\/product\/1011","targetHints":{"allow":["GET"]}}],"collection":[{"href":"https:\/\/dudziakwypozyczalnia.com\/index.php\/wp-json\/wp\/v2\/product"}],"about":[{"href":"https:\/\/dudziakwypozyczalnia.com\/index.php\/wp-json\/wp\/v2\/types\/product"}],"replies":[{"embeddable":true,"href":"https:\/\/dudziakwypozyczalnia.com\/index.php\/wp-json\/wp\/v2\/comments?post=1011"}],"wp:featuredmedia":[{"embeddable":true,"href":"https:\/\/dudziakwypozyczalnia.com\/index.php\/wp-json\/wp\/v2\/media\/1012"}],"wp:attachment":[{"href":"https:\/\/dudziakwypozyczalnia.com\/index.php\/wp-json\/wp\/v2\/media?parent=1011"}],"wp:term":[{"taxonomy":"product_brand","embeddable":true,"href":"https:\/\/dudziakwypozyczalnia.com\/index.php\/wp-json\/wp\/v2\/product_brand?post=1011"},{"taxonomy":"product_cat","embeddable":true,"href":"https:\/\/dudziakwypozyczalnia.com\/index.php\/wp-json\/wp\/v2\/product_cat?post=1011"},{"taxonomy":"product_tag","embeddable":true,"href":"https:\/\/dudziakwypozyczalnia.com\/index.php\/wp-json\/wp\/v2\/product_tag?post=1011"}],"curies":[{"name":"wp","href":"https:\/\/api.w.org\/{rel}","templated":true}]}}