{"id":1115,"date":"2024-04-21T16:10:05","date_gmt":"2024-04-21T14:10:05","guid":{"rendered":"https:\/\/dudziakwypozyczalnia.com\/?post_type=product&#038;p=1115"},"modified":"2024-05-19T20:25:19","modified_gmt":"2024-05-19T18:25:19","slug":"glebogryzarka-separacyjna","status":"publish","type":"product","link":"https:\/\/dudziakwypozyczalnia.com\/index.php\/produkt\/glebogryzarka-separacyjna\/","title":{"rendered":"GLEBOGRYZARKA SEPARACYJNA"},"content":{"rendered":"","protected":false},"excerpt":{"rendered":"","protected":false},"featured_media":1157,"comment_status":"open","ping_status":"closed","template":"","meta":{"_acf_changed":false},"product_brand":[],"product_cat":[121,165],"product_tag":[],"class_list":{"0":"post-1115","1":"product","2":"type-product","3":"status-publish","4":"has-post-thumbnail","6":"product_cat-asortyment-ogrodniczy","7":"product_cat-glebogryzarka-separacyjna","9":"first","10":"instock","11":"shipping-taxable","12":"purchasable","13":"product-type-simple"},"acf":{"dane_techniczne":"Glebogryzarka z funkcj\u0105 separacji wyposa\u017cona w regulowany lemiesz niwelacyjny oraz a\u017curowy wa\u0142 wyr\u00f3wnuj\u0105cy. Maszyna zrywa dar\u0144, przesiewa gleb\u0119 i zakopuje napotkane drobne kamienie oraz poci\u0119te korzenie darniny.\r\nSzeroko\u015b\u0107 robocza: 66 cm\r\nLiczba no\u017cy na wa\u0142ku: 12\r\nRegulowana g\u0142\u0119boko\u015b\u0107 robocza: max 15 cm.\r\nPrzeznaczona do wsp\u00f3\u0142pracy z ci\u0105gnikami jednoosiowymi BCS  740, 770HY, 780HY oraz 750.\r\nWaga: 98 kg","Kaucja":1500,"Cena za dob\u0119":550,"zastosowanie":"","uwagi":""},"_links":{"self":[{"href":"https:\/\/dudziakwypozyczalnia.com\/index.php\/wp-json\/wp\/v2\/product\/1115","targetHints":{"allow":["GET"]}}],"collection":[{"href":"https:\/\/dudziakwypozyczalnia.com\/index.php\/wp-json\/wp\/v2\/product"}],"about":[{"href":"https:\/\/dudziakwypozyczalnia.com\/index.php\/wp-json\/wp\/v2\/types\/product"}],"replies":[{"embeddable":true,"href":"https:\/\/dudziakwypozyczalnia.com\/index.php\/wp-json\/wp\/v2\/comments?post=1115"}],"wp:featuredmedia":[{"embeddable":true,"href":"https:\/\/dudziakwypozyczalnia.com\/index.php\/wp-json\/wp\/v2\/media\/1157"}],"wp:attachment":[{"href":"https:\/\/dudziakwypozyczalnia.com\/index.php\/wp-json\/wp\/v2\/media?parent=1115"}],"wp:term":[{"taxonomy":"product_brand","embeddable":true,"href":"https:\/\/dudziakwypozyczalnia.com\/index.php\/wp-json\/wp\/v2\/product_brand?post=1115"},{"taxonomy":"product_cat","embeddable":true,"href":"https:\/\/dudziakwypozyczalnia.com\/index.php\/wp-json\/wp\/v2\/product_cat?post=1115"},{"taxonomy":"product_tag","embeddable":true,"href":"https:\/\/dudziakwypozyczalnia.com\/index.php\/wp-json\/wp\/v2\/product_tag?post=1115"}],"curies":[{"name":"wp","href":"https:\/\/api.w.org\/{rel}","templated":true}]}}