{"id":1161,"date":"2024-05-26T18:16:28","date_gmt":"2024-05-26T16:16:28","guid":{"rendered":"https:\/\/dudziakwypozyczalnia.com\/?post_type=product&#038;p=1161"},"modified":"2026-03-19T19:36:44","modified_gmt":"2026-03-19T18:36:44","slug":"myjka-do-kostki-brukowej","status":"publish","type":"product","link":"https:\/\/dudziakwypozyczalnia.com\/index.php\/produkt\/myjka-do-kostki-brukowej\/","title":{"rendered":"MYJKA DO KOSTKI BRUKOWEJ Probst EASYCLEAN EC-60"},"content":{"rendered":"<div style=\"width: 800px;\" class=\"wp-video\"><video class=\"wp-video-shortcode\" id=\"video-1161-1\" width=\"800\" height=\"800\" preload=\"metadata\" controls=\"controls\"><source type=\"video\/mp4\" src=\"https:\/\/dudziakwypozyczalnia.com\/wp-content\/uploads\/2024\/05\/Kwadratowy-post-wideo-1080x1080-px-14.mp4?_=1\" \/><a href=\"https:\/\/dudziakwypozyczalnia.com\/wp-content\/uploads\/2024\/05\/Kwadratowy-post-wideo-1080x1080-px-14.mp4\">https:\/\/dudziakwypozyczalnia.com\/wp-content\/uploads\/2024\/05\/Kwadratowy-post-wideo-1080x1080-px-14.mp4<\/a><\/video><\/div>\n","protected":false},"excerpt":{"rendered":"","protected":false},"featured_media":1173,"comment_status":"open","ping_status":"closed","template":"","meta":{"_acf_changed":false},"product_brand":[],"product_cat":[121,127],"product_tag":[],"class_list":{"0":"post-1161","1":"product","2":"type-product","3":"status-publish","4":"has-post-thumbnail","6":"product_cat-asortyment-ogrodniczy","7":"product_cat-myjki-cisnieniowe","9":"first","10":"instock","11":"shipping-taxable","12":"purchasable","13":"product-type-simple"},"acf":{"dane_techniczne":"-Producent: Honda GX 160\r\n-Przy\u0142\u0105cze wodne Ci\u015bnienie, min. (bar):0,3\r\n-typ silnika: spalinowy, benzyna\r\n-ci\u0119\u017car:51 kg\r\n-Przy\u0142\u0105cze wodne Przep\u0142yw obj\u0119to\u015bciowy, min. (l\/min): 20\r\n\r\n\r\n\r\n\r\n","Kaucja":1000,"Cena za dob\u0119":250,"zastosowanie":"Myjka EASYCLEAN EC-60 marki Probst to wysokowydajne urz\u0105dzenie do oczyszczania kostki i szczelin wod\u0105 pod wysokim ci\u015bnieniem. \r\n\u27a1\ufe0fIdealna zar\u00f3wno do kostki brukowej, p\u0142ytek chodnikowych jak i kamienia naturalnego. \r\n\u27a1\ufe0fEC-60 czy\u015bci szczeliny 5 razy szybciej ni\u017c tradycyjne myjki ci\u015bnieniowe dzi\u0119ki dw\u00f3m dyszom rotacyjnym. \r\n\u27a1\ufe0fDzi\u0119ki silnikowi benzynowemu du\u017cej mocy, nasza myjka ci\u015bnieniowa jest niezale\u017cna od zasilania elektrycznego.\r\n\u27a1\ufe0fNiezale\u017cna od zasilania sieciowego, wydajna pompa wysokoci\u015bnieniowa (maks. 150 bar\u00f3w ci\u015bnienia roboczego) jest nap\u0119dzana mocnym silnikiem benzynowym Hondy o mocy 4 kW (5,5 KM).","uwagi":"ZOBACZ VIDEO !!!\r\n[video width=\"1080\" height=\"1080\" mp4=\"https:\/\/dudziakwypozyczalnia.com\/wp-content\/uploads\/2024\/05\/Kwadratowy-post-wideo-1080x1080-px-14.mp4\"][\/video]"},"_links":{"self":[{"href":"https:\/\/dudziakwypozyczalnia.com\/index.php\/wp-json\/wp\/v2\/product\/1161","targetHints":{"allow":["GET"]}}],"collection":[{"href":"https:\/\/dudziakwypozyczalnia.com\/index.php\/wp-json\/wp\/v2\/product"}],"about":[{"href":"https:\/\/dudziakwypozyczalnia.com\/index.php\/wp-json\/wp\/v2\/types\/product"}],"replies":[{"embeddable":true,"href":"https:\/\/dudziakwypozyczalnia.com\/index.php\/wp-json\/wp\/v2\/comments?post=1161"}],"wp:featuredmedia":[{"embeddable":true,"href":"https:\/\/dudziakwypozyczalnia.com\/index.php\/wp-json\/wp\/v2\/media\/1173"}],"wp:attachment":[{"href":"https:\/\/dudziakwypozyczalnia.com\/index.php\/wp-json\/wp\/v2\/media?parent=1161"}],"wp:term":[{"taxonomy":"product_brand","embeddable":true,"href":"https:\/\/dudziakwypozyczalnia.com\/index.php\/wp-json\/wp\/v2\/product_brand?post=1161"},{"taxonomy":"product_cat","embeddable":true,"href":"https:\/\/dudziakwypozyczalnia.com\/index.php\/wp-json\/wp\/v2\/product_cat?post=1161"},{"taxonomy":"product_tag","embeddable":true,"href":"https:\/\/dudziakwypozyczalnia.com\/index.php\/wp-json\/wp\/v2\/product_tag?post=1161"}],"curies":[{"name":"wp","href":"https:\/\/api.w.org\/{rel}","templated":true}]}}