{"id":1180,"date":"2024-06-16T19:05:20","date_gmt":"2024-06-16T17:05:20","guid":{"rendered":"https:\/\/dudziakwypozyczalnia.com\/?post_type=product&#038;p=1180"},"modified":"2024-09-22T17:58:58","modified_gmt":"2024-09-22T15:58:58","slug":"listwa-wibracyjna","status":"publish","type":"product","link":"https:\/\/dudziakwypozyczalnia.com\/index.php\/produkt\/listwa-wibracyjna\/","title":{"rendered":"Listwa wibracyjna Enar Mistral szer. 2 m"},"content":{"rendered":"","protected":false},"excerpt":{"rendered":"","protected":false},"featured_media":1181,"comment_status":"open","ping_status":"closed","template":"","meta":{"_acf_changed":false},"product_brand":[],"product_cat":[119,166],"product_tag":[],"class_list":{"0":"post-1180","1":"product","2":"type-product","3":"status-publish","4":"has-post-thumbnail","6":"product_cat-asortyment-budowlany","7":"product_cat-listwy-wibracyjne","9":"first","10":"instock","11":"shipping-taxable","12":"purchasable","13":"product-type-simple"},"acf":{"dane_techniczne":"\r\n-Silnik spalinowy: Honda 4 suwowy\r\n-Moc silnika: 1,1 KM\r\n-Cz\u0119stotliwo\u015b\u0107 wibracji: do 9500 obr\/min\r\n-Si\u0142a od\u015brodkowa: 1500 N\r\n-Zbiornik paliwa: 0,6 l\r\n-Paliwo: Benzyna bezo\u0142owiowa\r\n-Waga: 9,8 kg","Kaucja":500,"Cena za dob\u0119":150,"zastosowanie":"Listwa wibracyjna hiszpa\u0144skiego producenta ENAR z serii Mistral wyposa\u017cona jest w silnik spalinowy o mocy 1,1KM. Dost\u0119pne profile o d\u0142ugo\u015bciach od 1,5m do 4m wykonane s\u0105 ze specjalnego aluminium o wyj\u0105tkowo wysokiej wytrzyma\u0142o\u015bci. Profil jest w kszta\u0142cie litery \"L\", przez co operator wyr\u00f3wnuje powierzchni\u0119 betonow\u0105 prowadz\u0105c listw\u0119 do ty\u0142u przy pomocy dw\u00f3ch r\u0105czek.\r\n\r\nListwa wibracyjna sk\u0142ada si\u0119 z nap\u0119du oraz profilu aluminiowego. Z widocznej nad cen\u0105 listy, nale\u017cy wybra\u0107 zestaw z profilem o wybranej d\u0142ugo\u015bci. Jest r\u00f3wnie\u017c mo\u017cliwo\u015b\u0107 zakupu samego nap\u0119du.\r\n","uwagi":""},"_links":{"self":[{"href":"https:\/\/dudziakwypozyczalnia.com\/index.php\/wp-json\/wp\/v2\/product\/1180","targetHints":{"allow":["GET"]}}],"collection":[{"href":"https:\/\/dudziakwypozyczalnia.com\/index.php\/wp-json\/wp\/v2\/product"}],"about":[{"href":"https:\/\/dudziakwypozyczalnia.com\/index.php\/wp-json\/wp\/v2\/types\/product"}],"replies":[{"embeddable":true,"href":"https:\/\/dudziakwypozyczalnia.com\/index.php\/wp-json\/wp\/v2\/comments?post=1180"}],"wp:featuredmedia":[{"embeddable":true,"href":"https:\/\/dudziakwypozyczalnia.com\/index.php\/wp-json\/wp\/v2\/media\/1181"}],"wp:attachment":[{"href":"https:\/\/dudziakwypozyczalnia.com\/index.php\/wp-json\/wp\/v2\/media?parent=1180"}],"wp:term":[{"taxonomy":"product_brand","embeddable":true,"href":"https:\/\/dudziakwypozyczalnia.com\/index.php\/wp-json\/wp\/v2\/product_brand?post=1180"},{"taxonomy":"product_cat","embeddable":true,"href":"https:\/\/dudziakwypozyczalnia.com\/index.php\/wp-json\/wp\/v2\/product_cat?post=1180"},{"taxonomy":"product_tag","embeddable":true,"href":"https:\/\/dudziakwypozyczalnia.com\/index.php\/wp-json\/wp\/v2\/product_tag?post=1180"}],"curies":[{"name":"wp","href":"https:\/\/api.w.org\/{rel}","templated":true}]}}