{"id":1237,"date":"2024-07-28T17:32:30","date_gmt":"2024-07-28T15:32:30","guid":{"rendered":"https:\/\/dudziakwypozyczalnia.com\/?post_type=product&#038;p=1237"},"modified":"2024-09-22T17:58:00","modified_gmt":"2024-09-22T15:58:00","slug":"przecinarka-do-glazury-husqvarna-ts66r","status":"publish","type":"product","link":"https:\/\/dudziakwypozyczalnia.com\/index.php\/produkt\/przecinarka-do-glazury-husqvarna-ts66r\/","title":{"rendered":"Przecinarka do glazury Husqvarna TS66R"},"content":{"rendered":"","protected":false},"excerpt":{"rendered":"","protected":false},"featured_media":1313,"comment_status":"open","ping_status":"closed","template":"","meta":{"_acf_changed":false},"product_brand":[],"product_cat":[119,168],"product_tag":[],"class_list":{"0":"post-1237","1":"product","2":"type-product","3":"status-publish","4":"has-post-thumbnail","6":"product_cat-asortyment-budowlany","7":"product_cat-przecinarki-do-glazury","9":"first","10":"instock","11":"shipping-taxable","12":"purchasable","13":"product-type-simple"},"acf":{"dane_techniczne":"-Napi\u0119cie: 230 V (jednofazowe)\r\n-Moc: 0,8 kW \/ 1,1 KM\r\n-Cz\u0119stotliwo\u015b\u0107: 50 Hz\r\n-Maksymalna g\u0142\u0119boko\u015b\u0107 ci\u0119cia: 40 mm\r\n-Maksymalna d\u0142ugo\u015b\u0107 ci\u0119cia: 660 mm\r\n-\u015arednica otworu monta\u017cowego tarczy: 25,4 mm\r\n-Maksymalna \u015brednica tarczy: 200 mm\r\n-D\u0142ugo\u015b\u0107 x szeroko\u015b\u0107 x wysoko\u015b\u0107: 95 x 48 x 49 cm\r\nCi\u0119\u017car- 41 kg","Kaucja":500,"Cena za dob\u0119":75,"zastosowanie":"Husqvarna TS 66 R - TS 66 R to przecinarka do glazury i klinkieru o du\u017cej wydajno\u015bci. Ta przecinarka stolikowa ma wytrzyma\u0142\u0105 aluminiow\u0105 prowadnic\u0119 umo\u017cliwiaj\u0105c\u0105 ci\u0119cie du\u017cych format\u00f3w p\u0142ytek - do d\u0142ugo\u015bci 660 mm. TS 66 R umo\u017cliwia ci\u0119cie wg\u0142\u0119bne oraz pod k\u0105tem do 45 stopni, a tak\u017ce po przek\u0105tnej p\u0142ytek 45x45 cm. Urz\u0105dzenie posiada silnik elektryczny (jednofazowy) o mocy 800 W, a ca\u0142o\u015b\u0107 wa\u017cy 41 kg.","uwagi":""},"_links":{"self":[{"href":"https:\/\/dudziakwypozyczalnia.com\/index.php\/wp-json\/wp\/v2\/product\/1237","targetHints":{"allow":["GET"]}}],"collection":[{"href":"https:\/\/dudziakwypozyczalnia.com\/index.php\/wp-json\/wp\/v2\/product"}],"about":[{"href":"https:\/\/dudziakwypozyczalnia.com\/index.php\/wp-json\/wp\/v2\/types\/product"}],"replies":[{"embeddable":true,"href":"https:\/\/dudziakwypozyczalnia.com\/index.php\/wp-json\/wp\/v2\/comments?post=1237"}],"wp:featuredmedia":[{"embeddable":true,"href":"https:\/\/dudziakwypozyczalnia.com\/index.php\/wp-json\/wp\/v2\/media\/1313"}],"wp:attachment":[{"href":"https:\/\/dudziakwypozyczalnia.com\/index.php\/wp-json\/wp\/v2\/media?parent=1237"}],"wp:term":[{"taxonomy":"product_brand","embeddable":true,"href":"https:\/\/dudziakwypozyczalnia.com\/index.php\/wp-json\/wp\/v2\/product_brand?post=1237"},{"taxonomy":"product_cat","embeddable":true,"href":"https:\/\/dudziakwypozyczalnia.com\/index.php\/wp-json\/wp\/v2\/product_cat?post=1237"},{"taxonomy":"product_tag","embeddable":true,"href":"https:\/\/dudziakwypozyczalnia.com\/index.php\/wp-json\/wp\/v2\/product_tag?post=1237"}],"curies":[{"name":"wp","href":"https:\/\/api.w.org\/{rel}","templated":true}]}}