{"id":1322,"date":"2024-10-06T17:22:16","date_gmt":"2024-10-06T15:22:16","guid":{"rendered":"https:\/\/dudziakwypozyczalnia.com\/?post_type=product&#038;p=1322"},"modified":"2024-10-06T17:50:49","modified_gmt":"2024-10-06T15:50:49","slug":"bruzdownica-tyrolit-hce150","status":"publish","type":"product","link":"https:\/\/dudziakwypozyczalnia.com\/index.php\/produkt\/bruzdownica-tyrolit-hce150\/","title":{"rendered":"Bruzdownica TYROLIT HCE150"},"content":{"rendered":"","protected":false},"excerpt":{"rendered":"","protected":false},"featured_media":1323,"comment_status":"open","ping_status":"closed","template":"","meta":{"_acf_changed":false},"product_brand":[],"product_cat":[119,173],"product_tag":[],"class_list":{"0":"post-1322","1":"product","2":"type-product","3":"status-publish","4":"has-post-thumbnail","6":"product_cat-asortyment-budowlany","7":"product_cat-bruzdownice","9":"first","10":"instock","11":"shipping-taxable","12":"purchasable","13":"product-type-simple"},"acf":{"dane_techniczne":"-producent Tyrolit\r\n-Napi\u0119cie 230V\r\n-Moc silnika 2300 W\r\n-Ci\u0119\u017car 6 kg\r\n-Max g\u0142\u0119boko\u015b\u0107 ci\u0119cia 45 mm\r\n-Max szeroko\u015b\u0107 ci\u0119cia 46 mm\r\n-Pr\u0119dko\u015b\u0107 obrotowa 4300 obr\/min.\r\n-Max \u015brednica tarczy 150 mm.","Kaucja":400,"Cena za dob\u0119":110,"zastosowanie":"Bruzdownica Tyrolit HCE150 jest idealnym narz\u0119dziem do wykonywania rowk\u00f3w i kana\u0142\u00f3w w betonie oraz cegle silikatowej. \r\nDzi\u0119ki przy\u0142\u0105czu do odkurzacza przemys\u0142owego mo\u017cliwe jest wykonywanie pracy przy niewielkim zapyleniu. ","uwagi":""},"_links":{"self":[{"href":"https:\/\/dudziakwypozyczalnia.com\/index.php\/wp-json\/wp\/v2\/product\/1322","targetHints":{"allow":["GET"]}}],"collection":[{"href":"https:\/\/dudziakwypozyczalnia.com\/index.php\/wp-json\/wp\/v2\/product"}],"about":[{"href":"https:\/\/dudziakwypozyczalnia.com\/index.php\/wp-json\/wp\/v2\/types\/product"}],"replies":[{"embeddable":true,"href":"https:\/\/dudziakwypozyczalnia.com\/index.php\/wp-json\/wp\/v2\/comments?post=1322"}],"wp:featuredmedia":[{"embeddable":true,"href":"https:\/\/dudziakwypozyczalnia.com\/index.php\/wp-json\/wp\/v2\/media\/1323"}],"wp:attachment":[{"href":"https:\/\/dudziakwypozyczalnia.com\/index.php\/wp-json\/wp\/v2\/media?parent=1322"}],"wp:term":[{"taxonomy":"product_brand","embeddable":true,"href":"https:\/\/dudziakwypozyczalnia.com\/index.php\/wp-json\/wp\/v2\/product_brand?post=1322"},{"taxonomy":"product_cat","embeddable":true,"href":"https:\/\/dudziakwypozyczalnia.com\/index.php\/wp-json\/wp\/v2\/product_cat?post=1322"},{"taxonomy":"product_tag","embeddable":true,"href":"https:\/\/dudziakwypozyczalnia.com\/index.php\/wp-json\/wp\/v2\/product_tag?post=1322"}],"curies":[{"name":"wp","href":"https:\/\/api.w.org\/{rel}","templated":true}]}}