{"id":1355,"date":"2024-12-01T15:51:00","date_gmt":"2024-12-01T14:51:00","guid":{"rendered":"https:\/\/dudziakwypozyczalnia.com\/?post_type=product&#038;p=1355"},"modified":"2024-12-01T16:40:41","modified_gmt":"2024-12-01T15:40:41","slug":"waz-strazacki-20-m-2","status":"publish","type":"product","link":"https:\/\/dudziakwypozyczalnia.com\/index.php\/produkt\/waz-strazacki-20-m-2\/","title":{"rendered":"W\u0105\u017c stra\u017cacki 20 m, 2 &#8222;"},"content":{"rendered":"","protected":false},"excerpt":{"rendered":"","protected":false},"featured_media":1356,"comment_status":"open","ping_status":"closed","template":"","meta":{"_acf_changed":false},"product_brand":[],"product_cat":[135,119,174],"product_tag":[],"class_list":{"0":"post-1355","1":"product","2":"type-product","3":"status-publish","4":"has-post-thumbnail","6":"product_cat-akcesoria","7":"product_cat-asortyment-budowlany","8":"product_cat-pompy","10":"first","11":"instock","12":"shipping-taxable","13":"product-type-simple"},"acf":{"dane_techniczne":"Profesjonalny w\u0105\u017c t\u0142oczny parciany okuty o wytrzyma\u0142o\u015bci 6-8 bar. W\u0105\u017c t\u0142oczny stosowany g\u0142\u00f3wnie do wsp\u00f3\u0142pracy z pompami zatapialnymi do odprowadzania wody, \u015bciek\u00f3w z zalanych pomieszcze\u0144, studzienek lub wykop\u00f3w.\r\nRozmiar: 2\"\r\n\r\nRolka: 20 mb.\r\nci\u015bnienie maksymalne: 8 bar\r\n\u015brednica w\u0119\u017ca: 52 mm (2\")","Kaucja":"","Cena za dob\u0119":19,"zastosowanie":"","uwagi":""},"_links":{"self":[{"href":"https:\/\/dudziakwypozyczalnia.com\/index.php\/wp-json\/wp\/v2\/product\/1355","targetHints":{"allow":["GET"]}}],"collection":[{"href":"https:\/\/dudziakwypozyczalnia.com\/index.php\/wp-json\/wp\/v2\/product"}],"about":[{"href":"https:\/\/dudziakwypozyczalnia.com\/index.php\/wp-json\/wp\/v2\/types\/product"}],"replies":[{"embeddable":true,"href":"https:\/\/dudziakwypozyczalnia.com\/index.php\/wp-json\/wp\/v2\/comments?post=1355"}],"wp:featuredmedia":[{"embeddable":true,"href":"https:\/\/dudziakwypozyczalnia.com\/index.php\/wp-json\/wp\/v2\/media\/1356"}],"wp:attachment":[{"href":"https:\/\/dudziakwypozyczalnia.com\/index.php\/wp-json\/wp\/v2\/media?parent=1355"}],"wp:term":[{"taxonomy":"product_brand","embeddable":true,"href":"https:\/\/dudziakwypozyczalnia.com\/index.php\/wp-json\/wp\/v2\/product_brand?post=1355"},{"taxonomy":"product_cat","embeddable":true,"href":"https:\/\/dudziakwypozyczalnia.com\/index.php\/wp-json\/wp\/v2\/product_cat?post=1355"},{"taxonomy":"product_tag","embeddable":true,"href":"https:\/\/dudziakwypozyczalnia.com\/index.php\/wp-json\/wp\/v2\/product_tag?post=1355"}],"curies":[{"name":"wp","href":"https:\/\/api.w.org\/{rel}","templated":true}]}}