{"id":1363,"date":"2025-04-21T19:03:31","date_gmt":"2025-04-21T17:03:31","guid":{"rendered":"https:\/\/dudziakwypozyczalnia.com\/?post_type=product&#038;p=1363"},"modified":"2026-02-04T19:21:52","modified_gmt":"2026-02-04T18:21:52","slug":"rebak","status":"publish","type":"product","link":"https:\/\/dudziakwypozyczalnia.com\/index.php\/produkt\/rebak\/","title":{"rendered":"Profesjonalny r\u0119bak do ga\u0142\u0119zi CARAVAGGI BIO 190\/CENA WYPO\u017bYCZENIA DO 4 H- 200 Z\u0141"},"content":{"rendered":"","protected":false},"excerpt":{"rendered":"","protected":false},"featured_media":1381,"comment_status":"open","ping_status":"closed","template":"","meta":{"_acf_changed":false},"product_brand":[],"product_cat":[121,175],"product_tag":[],"class_list":{"0":"post-1363","1":"product","2":"type-product","3":"status-publish","4":"has-post-thumbnail","6":"product_cat-asortyment-ogrodniczy","7":"product_cat-rebak-do-galezi","9":"first","10":"instock","11":"sale","12":"shipping-taxable","13":"purchasable","14":"product-type-simple"},"acf":{"dane_techniczne":"Rozdrabniacz z rodziny Caravaggi klasy \u015bredniej, oferuj\u0105cy \u015brednic\u0119 zr\u0119bkowania do 70-80 mm. Wydajno\u015b\u0107 7-8 m3\/h\r\n- z silnikiem benzynowym o mocy 13 KM\r\nDane techniczne:\r\n- \u015brednica wirnika 690 mm\r\n- szeroko\u015b\u0107 wirnika 60 mm\r\n- Liczba no\u017cy zr\u0119bkuj\u0105cych (g\u0142\u00f3wnych): 3\r\n- Liczba no\u017cy rozdrabniaj\u0105cych: 24\r\n- D\u0142ugo\u015b\u0107: 200 cm\r\n- Szeroko\u015b\u0107: 105 cm\r\n- Wysoko\u015b\u0107: 200 cm\r\n- Masa w\u0142asna: 252 kg","Kaucja":1000,"Cena za dob\u0119":250,"zastosowanie":"","uwagi":""},"_links":{"self":[{"href":"https:\/\/dudziakwypozyczalnia.com\/index.php\/wp-json\/wp\/v2\/product\/1363","targetHints":{"allow":["GET"]}}],"collection":[{"href":"https:\/\/dudziakwypozyczalnia.com\/index.php\/wp-json\/wp\/v2\/product"}],"about":[{"href":"https:\/\/dudziakwypozyczalnia.com\/index.php\/wp-json\/wp\/v2\/types\/product"}],"replies":[{"embeddable":true,"href":"https:\/\/dudziakwypozyczalnia.com\/index.php\/wp-json\/wp\/v2\/comments?post=1363"}],"wp:featuredmedia":[{"embeddable":true,"href":"https:\/\/dudziakwypozyczalnia.com\/index.php\/wp-json\/wp\/v2\/media\/1381"}],"wp:attachment":[{"href":"https:\/\/dudziakwypozyczalnia.com\/index.php\/wp-json\/wp\/v2\/media?parent=1363"}],"wp:term":[{"taxonomy":"product_brand","embeddable":true,"href":"https:\/\/dudziakwypozyczalnia.com\/index.php\/wp-json\/wp\/v2\/product_brand?post=1363"},{"taxonomy":"product_cat","embeddable":true,"href":"https:\/\/dudziakwypozyczalnia.com\/index.php\/wp-json\/wp\/v2\/product_cat?post=1363"},{"taxonomy":"product_tag","embeddable":true,"href":"https:\/\/dudziakwypozyczalnia.com\/index.php\/wp-json\/wp\/v2\/product_tag?post=1363"}],"curies":[{"name":"wp","href":"https:\/\/api.w.org\/{rel}","templated":true}]}}