{"id":1401,"date":"2025-07-02T19:09:16","date_gmt":"2025-07-02T17:09:16","guid":{"rendered":"https:\/\/dudziakwypozyczalnia.com\/?post_type=product&#038;p=1401"},"modified":"2025-12-07T17:05:31","modified_gmt":"2025-12-07T16:05:31","slug":"kreber-k-600-e","status":"publish","type":"product","link":"https:\/\/dudziakwypozyczalnia.com\/index.php\/produkt\/kreber-k-600-e\/","title":{"rendered":"Kreber K 600 E"},"content":{"rendered":"","protected":false},"excerpt":{"rendered":"","protected":false},"featured_media":1404,"comment_status":"open","ping_status":"closed","template":"","meta":{"_acf_changed":false},"product_brand":[],"product_cat":[119,177],"product_tag":[],"class_list":{"0":"post-1401","1":"product","2":"type-product","3":"status-publish","4":"has-post-thumbnail","6":"product_cat-asortyment-budowlany","7":"product_cat-zacieraczki-do-betonu","9":"first","10":"instock","11":"shipping-taxable","12":"purchasable","13":"product-type-simple"},"acf":{"dane_techniczne":"","Kaucja":500,"Cena za dob\u0119":200,"zastosowanie":"R\u0119czna zacieraczka do betonu K-600 E to narz\u0119dzie przeznaczone do zacierania i wyg\u0142adzania posadzek betonowych w budownictwie mieszkaniowym. Wyposa\u017cona w szeroko\u015b\u0107 robocz\u0105 \u00d8 600 mm oraz wa\u017c\u0105ca jedynie 45 kg, jest \u0142atwa w obs\u0142udze i idealna do precyzyjnych prac wyko\u0144czeniowych. R\u0119czna zacieraczka do betonu K-600 E posiada 4 \u0142opatki z mo\u017cliwo\u015bci\u0105 regulacji k\u0105ta nachylenia od 0 do 15\u00b0, co zapewnia wszechstronno\u015b\u0107 w dzia\u0142aniu. Dodatkowo, dzi\u0119ki elektrycznemu silnikowi o mocy 1,1 kW i zabezpieczeniu w postaci izolacji bryzgoszczelnej IP 55, urz\u0105dzenie jest bezpieczne i wydajne.","uwagi":""},"_links":{"self":[{"href":"https:\/\/dudziakwypozyczalnia.com\/index.php\/wp-json\/wp\/v2\/product\/1401","targetHints":{"allow":["GET"]}}],"collection":[{"href":"https:\/\/dudziakwypozyczalnia.com\/index.php\/wp-json\/wp\/v2\/product"}],"about":[{"href":"https:\/\/dudziakwypozyczalnia.com\/index.php\/wp-json\/wp\/v2\/types\/product"}],"replies":[{"embeddable":true,"href":"https:\/\/dudziakwypozyczalnia.com\/index.php\/wp-json\/wp\/v2\/comments?post=1401"}],"wp:featuredmedia":[{"embeddable":true,"href":"https:\/\/dudziakwypozyczalnia.com\/index.php\/wp-json\/wp\/v2\/media\/1404"}],"wp:attachment":[{"href":"https:\/\/dudziakwypozyczalnia.com\/index.php\/wp-json\/wp\/v2\/media?parent=1401"}],"wp:term":[{"taxonomy":"product_brand","embeddable":true,"href":"https:\/\/dudziakwypozyczalnia.com\/index.php\/wp-json\/wp\/v2\/product_brand?post=1401"},{"taxonomy":"product_cat","embeddable":true,"href":"https:\/\/dudziakwypozyczalnia.com\/index.php\/wp-json\/wp\/v2\/product_cat?post=1401"},{"taxonomy":"product_tag","embeddable":true,"href":"https:\/\/dudziakwypozyczalnia.com\/index.php\/wp-json\/wp\/v2\/product_tag?post=1401"}],"curies":[{"name":"wp","href":"https:\/\/api.w.org\/{rel}","templated":true}]}}