{"id":1402,"date":"2025-07-02T19:08:29","date_gmt":"2025-07-02T17:08:29","guid":{"rendered":"https:\/\/dudziakwypozyczalnia.com\/?post_type=product&#038;p=1402"},"modified":"2025-12-07T17:07:42","modified_gmt":"2025-12-07T16:07:42","slug":"kreber-k-436-bs","status":"publish","type":"product","link":"https:\/\/dudziakwypozyczalnia.com\/index.php\/produkt\/kreber-k-436-bs\/","title":{"rendered":"Kreber K 436 bs"},"content":{"rendered":"","protected":false},"excerpt":{"rendered":"","protected":false},"featured_media":1403,"comment_status":"open","ping_status":"closed","template":"","meta":{"_acf_changed":false},"product_brand":[],"product_cat":[119,177],"product_tag":[],"class_list":{"0":"post-1402","1":"product","2":"type-product","3":"status-publish","4":"has-post-thumbnail","6":"product_cat-asortyment-budowlany","7":"product_cat-zacieraczki-do-betonu","9":"first","10":"instock","11":"shipping-taxable","12":"purchasable","13":"product-type-simple"},"acf":{"dane_techniczne":"","Kaucja":600,"Cena za dob\u0119":240,"zastosowanie":"R\u0119czne zacieraczki K-436 B \/ BS przeznaczone s\u0105 do zacierania i wyg\u0142adzania posadzek betonowych w budownictwie mieszkaniowym i przemys\u0142owym. Te kompaktowe i por\u0119czne maszyny do zacierania posadzek doskonale sprawdzaj\u0105 si\u0119 w pracy na mniejszych powierzchniach, gdzie precyzja i manewrowo\u015b\u0107 s\u0105 kluczowe. Dwie wersje silnikowe \u2013 o mocy 5,5 KM i 8,4 KM \u2013 pozwalaj\u0105 na dopasowanie urz\u0105dzenia do indywidualnych potrzeb u\u017cytkownika.\r\n\r\nModel K-436 BS dodatkowo posiada sk\u0142adan\u0105 d\u017awigni\u0119 sterownicz\u0105, kt\u00f3ra umo\u017cliwia oszcz\u0119dno\u015b\u0107 miejsca oraz u\u0142atwia za\u0142adunek i transport. Dzi\u0119ki temu model K-436 BS jest idealnym rozwi\u0105zaniem dla u\u017cytkownik\u00f3w, kt\u00f3rzy potrzebuj\u0105 \u0142atwej do transportu r\u0119cznej zacieraczki do betonu.","uwagi":""},"_links":{"self":[{"href":"https:\/\/dudziakwypozyczalnia.com\/index.php\/wp-json\/wp\/v2\/product\/1402","targetHints":{"allow":["GET"]}}],"collection":[{"href":"https:\/\/dudziakwypozyczalnia.com\/index.php\/wp-json\/wp\/v2\/product"}],"about":[{"href":"https:\/\/dudziakwypozyczalnia.com\/index.php\/wp-json\/wp\/v2\/types\/product"}],"replies":[{"embeddable":true,"href":"https:\/\/dudziakwypozyczalnia.com\/index.php\/wp-json\/wp\/v2\/comments?post=1402"}],"wp:featuredmedia":[{"embeddable":true,"href":"https:\/\/dudziakwypozyczalnia.com\/index.php\/wp-json\/wp\/v2\/media\/1403"}],"wp:attachment":[{"href":"https:\/\/dudziakwypozyczalnia.com\/index.php\/wp-json\/wp\/v2\/media?parent=1402"}],"wp:term":[{"taxonomy":"product_brand","embeddable":true,"href":"https:\/\/dudziakwypozyczalnia.com\/index.php\/wp-json\/wp\/v2\/product_brand?post=1402"},{"taxonomy":"product_cat","embeddable":true,"href":"https:\/\/dudziakwypozyczalnia.com\/index.php\/wp-json\/wp\/v2\/product_cat?post=1402"},{"taxonomy":"product_tag","embeddable":true,"href":"https:\/\/dudziakwypozyczalnia.com\/index.php\/wp-json\/wp\/v2\/product_tag?post=1402"}],"curies":[{"name":"wp","href":"https:\/\/api.w.org\/{rel}","templated":true}]}}