{"id":541,"date":"2024-01-15T21:03:04","date_gmt":"2024-01-15T20:03:04","guid":{"rendered":"https:\/\/dudziakwypozyczalnia.com\/?post_type=product&#038;p=541"},"modified":"2024-01-15T23:01:15","modified_gmt":"2024-01-15T22:01:15","slug":"kosa-spalinowa-husqwarna-535-rx","status":"publish","type":"product","link":"https:\/\/dudziakwypozyczalnia.com\/index.php\/produkt\/kosa-spalinowa-husqwarna-535-rx\/","title":{"rendered":"KOSA SPALINOWA HUSQWARNA 535 RX"},"content":{"rendered":"","protected":false},"excerpt":{"rendered":"","protected":false},"featured_media":314,"comment_status":"open","ping_status":"closed","template":"","meta":{"_acf_changed":false},"product_brand":[],"product_cat":[121,126],"product_tag":[],"class_list":{"0":"post-541","1":"product","2":"type-product","3":"status-publish","4":"has-post-thumbnail","6":"product_cat-asortyment-ogrodniczy","7":"product_cat-kosy-spalinowe","9":"first","10":"instock","11":"shipping-taxable","12":"purchasable","13":"product-type-simple"},"acf":{"dane_techniczne":"'-producent: Husqvarna\n-pojemo\u015b\u0107 skokowa 34,6 cm3\n-moc silnika  1,6 kW\/ 2,2 KM\n-waga 6,1 KG\n-pojemno\u015b\u0107 zbiornika paliwa 0,6 l\n-typ silnika dwusuwowy\n-dodatkowe wyposa\u017cenie- n\u00f3\u017c do trawy wysokiej","Kaucja":200,"Cena za dob\u0119":110,"zastosowanie":"Kosa spalinowa skonstruowana do ci\u0119\u017ckich profesjonalnych zada\u0144 takich jak koszenie w trudno dost\u0119pnych miejscach. ","uwagi":"Z UAWAGI NA DBA\u0141O\u015a\u0106 O NASZE URZ\u0104DZENIA ZAPEWNIAMY W\u0141ASNE PALIWO- ODPOWIDNI\u0104 MIESZANK\u0118 BENZYNY I OLEJU !!!\n(AKTUALNE CENY RYNKOWE)"},"_links":{"self":[{"href":"https:\/\/dudziakwypozyczalnia.com\/index.php\/wp-json\/wp\/v2\/product\/541","targetHints":{"allow":["GET"]}}],"collection":[{"href":"https:\/\/dudziakwypozyczalnia.com\/index.php\/wp-json\/wp\/v2\/product"}],"about":[{"href":"https:\/\/dudziakwypozyczalnia.com\/index.php\/wp-json\/wp\/v2\/types\/product"}],"replies":[{"embeddable":true,"href":"https:\/\/dudziakwypozyczalnia.com\/index.php\/wp-json\/wp\/v2\/comments?post=541"}],"wp:featuredmedia":[{"embeddable":true,"href":"https:\/\/dudziakwypozyczalnia.com\/index.php\/wp-json\/wp\/v2\/media\/314"}],"wp:attachment":[{"href":"https:\/\/dudziakwypozyczalnia.com\/index.php\/wp-json\/wp\/v2\/media?parent=541"}],"wp:term":[{"taxonomy":"product_brand","embeddable":true,"href":"https:\/\/dudziakwypozyczalnia.com\/index.php\/wp-json\/wp\/v2\/product_brand?post=541"},{"taxonomy":"product_cat","embeddable":true,"href":"https:\/\/dudziakwypozyczalnia.com\/index.php\/wp-json\/wp\/v2\/product_cat?post=541"},{"taxonomy":"product_tag","embeddable":true,"href":"https:\/\/dudziakwypozyczalnia.com\/index.php\/wp-json\/wp\/v2\/product_tag?post=541"}],"curies":[{"name":"wp","href":"https:\/\/api.w.org\/{rel}","templated":true}]}}