{"id":542,"date":"2024-01-15T21:03:04","date_gmt":"2024-01-15T20:03:04","guid":{"rendered":"https:\/\/dudziakwypozyczalnia.com\/?post_type=product&#038;p=542"},"modified":"2024-01-15T23:01:15","modified_gmt":"2024-01-15T22:01:15","slug":"kosa-spalinowa-stihl-fs-131","status":"publish","type":"product","link":"https:\/\/dudziakwypozyczalnia.com\/index.php\/produkt\/kosa-spalinowa-stihl-fs-131\/","title":{"rendered":"KOSA SPALINOWA STIHL FS 131"},"content":{"rendered":"","protected":false},"excerpt":{"rendered":"","protected":false},"featured_media":315,"comment_status":"open","ping_status":"closed","template":"","meta":{"_acf_changed":false},"product_brand":[],"product_cat":[121,126],"product_tag":[],"class_list":{"0":"post-542","1":"product","2":"type-product","3":"status-publish","4":"has-post-thumbnail","6":"product_cat-asortyment-ogrodniczy","7":"product_cat-kosy-spalinowe","9":"first","10":"instock","11":"shipping-taxable","12":"purchasable","13":"product-type-simple"},"acf":{"dane_techniczne":"'-producent: sTIHL\n-pojemo\u015b\u0107 skokowa 36,3 cm3\n-moc silnika  1,4 kW\/ 1,9 KM\n-waga 5,8 KG\n-pojemno\u015b\u0107 zbiornika paliwa 0,7 l\n-typ silnika dwusuwowy\n-dodatkowe wyposa\u017cenie- n\u00f3\u017c do trawy wysokiej\n-szeroko\u015b\u0107 koszenia 42 cm","Kaucja":200,"Cena za dob\u0119":100,"zastosowanie":"To kosa o du\u017cej mocy przeznaczona do wielkich powierzchni, niewielki ci\u0119\u017car urz\u0105dzenia sprawia, \u017ce praca pomi\u0119dzy krzewami nie sprawia wi\u0119kszych trudno\u015bci.","uwagi":""},"_links":{"self":[{"href":"https:\/\/dudziakwypozyczalnia.com\/index.php\/wp-json\/wp\/v2\/product\/542","targetHints":{"allow":["GET"]}}],"collection":[{"href":"https:\/\/dudziakwypozyczalnia.com\/index.php\/wp-json\/wp\/v2\/product"}],"about":[{"href":"https:\/\/dudziakwypozyczalnia.com\/index.php\/wp-json\/wp\/v2\/types\/product"}],"replies":[{"embeddable":true,"href":"https:\/\/dudziakwypozyczalnia.com\/index.php\/wp-json\/wp\/v2\/comments?post=542"}],"wp:featuredmedia":[{"embeddable":true,"href":"https:\/\/dudziakwypozyczalnia.com\/index.php\/wp-json\/wp\/v2\/media\/315"}],"wp:attachment":[{"href":"https:\/\/dudziakwypozyczalnia.com\/index.php\/wp-json\/wp\/v2\/media?parent=542"}],"wp:term":[{"taxonomy":"product_brand","embeddable":true,"href":"https:\/\/dudziakwypozyczalnia.com\/index.php\/wp-json\/wp\/v2\/product_brand?post=542"},{"taxonomy":"product_cat","embeddable":true,"href":"https:\/\/dudziakwypozyczalnia.com\/index.php\/wp-json\/wp\/v2\/product_cat?post=542"},{"taxonomy":"product_tag","embeddable":true,"href":"https:\/\/dudziakwypozyczalnia.com\/index.php\/wp-json\/wp\/v2\/product_tag?post=542"}],"curies":[{"name":"wp","href":"https:\/\/api.w.org\/{rel}","templated":true}]}}