{"id":543,"date":"2024-01-15T21:03:04","date_gmt":"2024-01-15T20:03:04","guid":{"rendered":"https:\/\/dudziakwypozyczalnia.com\/?post_type=product&#038;p=543"},"modified":"2026-02-04T19:37:56","modified_gmt":"2026-02-04T18:37:56","slug":"myjka-cisnieniowa-husqwarna-pw-350","status":"publish","type":"product","link":"https:\/\/dudziakwypozyczalnia.com\/index.php\/produkt\/myjka-cisnieniowa-husqwarna-pw-350\/","title":{"rendered":"Myjka ci\u015bnieniowa KARCHER HD 6\/15 MXA Plus"},"content":{"rendered":"","protected":false},"excerpt":{"rendered":"","protected":false},"featured_media":1426,"comment_status":"open","ping_status":"closed","template":"","meta":{"_acf_changed":false},"product_brand":[],"product_cat":[121,127],"product_tag":[],"class_list":{"0":"post-543","1":"product","2":"type-product","3":"status-publish","4":"has-post-thumbnail","6":"product_cat-asortyment-ogrodniczy","7":"product_cat-myjki-cisnieniowe","9":"first","10":"instock","11":"shipping-taxable","12":"purchasable","13":"product-type-simple"},"acf":{"dane_techniczne":"Ci\u015bnienie maksymalne [bar]:225\r\nD\u0142ugo\u015b\u0107 w\u0119\u017ca [m]:15\r\nWydajno\u015b\u0107 t\u0142oczenia [litr\/h]:560\r\nTemperatura maksymalna doprowadzanej wody [st.C]:60\r\nZbiornik na detergent: Nie\r\nRodzaj pompy: Mosi\u0119\u017cna\r\nBezprzewodowa: Nie\r\nWyposa\u017cenie: Dysza Power, Dysza rotacyjna, Lanca spryskuj\u0105ca, Pistolet spryskuj\u0105cy EASY!Force, W\u0105\u017c wysokoci\u015bnieniowy\r\nWaga [kg]: 35.1","Kaucja":200,"Cena za dob\u0119":130,"zastosowanie":"To urz\u0105dzenie daj\u0105ce doskona\u0142e rezultaty pracy, sprawdza si\u0119 przy czyszczeniu \u015bcian budynk\u00f3w czy myciu r\u00f3\u017cnego typu urz\u0105dze\u0144.","uwagi":""},"_links":{"self":[{"href":"https:\/\/dudziakwypozyczalnia.com\/index.php\/wp-json\/wp\/v2\/product\/543","targetHints":{"allow":["GET"]}}],"collection":[{"href":"https:\/\/dudziakwypozyczalnia.com\/index.php\/wp-json\/wp\/v2\/product"}],"about":[{"href":"https:\/\/dudziakwypozyczalnia.com\/index.php\/wp-json\/wp\/v2\/types\/product"}],"replies":[{"embeddable":true,"href":"https:\/\/dudziakwypozyczalnia.com\/index.php\/wp-json\/wp\/v2\/comments?post=543"}],"wp:featuredmedia":[{"embeddable":true,"href":"https:\/\/dudziakwypozyczalnia.com\/index.php\/wp-json\/wp\/v2\/media\/1426"}],"wp:attachment":[{"href":"https:\/\/dudziakwypozyczalnia.com\/index.php\/wp-json\/wp\/v2\/media?parent=543"}],"wp:term":[{"taxonomy":"product_brand","embeddable":true,"href":"https:\/\/dudziakwypozyczalnia.com\/index.php\/wp-json\/wp\/v2\/product_brand?post=543"},{"taxonomy":"product_cat","embeddable":true,"href":"https:\/\/dudziakwypozyczalnia.com\/index.php\/wp-json\/wp\/v2\/product_cat?post=543"},{"taxonomy":"product_tag","embeddable":true,"href":"https:\/\/dudziakwypozyczalnia.com\/index.php\/wp-json\/wp\/v2\/product_tag?post=543"}],"curies":[{"name":"wp","href":"https:\/\/api.w.org\/{rel}","templated":true}]}}