{"id":544,"date":"2024-01-15T21:03:04","date_gmt":"2024-01-15T20:03:04","guid":{"rendered":"https:\/\/dudziakwypozyczalnia.com\/?post_type=product&#038;p=544"},"modified":"2024-07-28T21:20:08","modified_gmt":"2024-07-28T19:20:08","slug":"nozyce-do-zywoplotu-522-hdr-75-x","status":"publish","type":"product","link":"https:\/\/dudziakwypozyczalnia.com\/index.php\/produkt\/nozyce-do-zywoplotu-522-hdr-75-x\/","title":{"rendered":"NO\u017bYCE DO \u017bYWOP\u0141OTU  522 HDR 75 X"},"content":{"rendered":"","protected":false},"excerpt":{"rendered":"","protected":false},"featured_media":317,"comment_status":"open","ping_status":"closed","template":"","meta":{"_acf_changed":false},"product_brand":[],"product_cat":[121,128],"product_tag":[],"class_list":{"0":"post-544","1":"product","2":"type-product","3":"status-publish","4":"has-post-thumbnail","6":"product_cat-asortyment-ogrodniczy","7":"product_cat-nozyce-do-zywoplotu","9":"first","10":"instock","11":"shipping-taxable","12":"purchasable","13":"product-type-simple"},"acf":{"dane_techniczne":"'-producent; husqvarna\r\n-moc silnika 0,6 kW \/ 0,8 KM\r\n-ci\u0119\u017car 5,2 kg\r\n-pojemno\u015b\u0107 skokowa 21,7 cm 3\r\n-typ no\u017cy dwustronne\r\n-zbiornik paliwa 0,45 l\r\n-d\u0142ugo\u015b\u0107 ci\u0119cia 75 cm\r\n-odst\u0119p mi\u0119dzy z\u0119bami 30,5 mm","Kaucja":300,"Cena za dob\u0119":90,"zastosowanie":"No\u017cyce do  \u017cywop\u0142otu przeznaczone do piel\u0119gnacji oraz nadawania kszta\u0142tu krzewom ozdobnym. ","uwagi":"Z UWAGI NA DBA\u0141O\u015a\u0106 O NASZE URZ\u0104DZENIA ZAPEWNIAMY W\u0141ASNE PALIWO- ODPOWIDNI\u0104 MIESZANK\u0118 BENZYNY I OLEJU !!!\r\n(AKTUALNE CENY RYNKOWE)"},"_links":{"self":[{"href":"https:\/\/dudziakwypozyczalnia.com\/index.php\/wp-json\/wp\/v2\/product\/544","targetHints":{"allow":["GET"]}}],"collection":[{"href":"https:\/\/dudziakwypozyczalnia.com\/index.php\/wp-json\/wp\/v2\/product"}],"about":[{"href":"https:\/\/dudziakwypozyczalnia.com\/index.php\/wp-json\/wp\/v2\/types\/product"}],"replies":[{"embeddable":true,"href":"https:\/\/dudziakwypozyczalnia.com\/index.php\/wp-json\/wp\/v2\/comments?post=544"}],"wp:featuredmedia":[{"embeddable":true,"href":"https:\/\/dudziakwypozyczalnia.com\/index.php\/wp-json\/wp\/v2\/media\/317"}],"wp:attachment":[{"href":"https:\/\/dudziakwypozyczalnia.com\/index.php\/wp-json\/wp\/v2\/media?parent=544"}],"wp:term":[{"taxonomy":"product_brand","embeddable":true,"href":"https:\/\/dudziakwypozyczalnia.com\/index.php\/wp-json\/wp\/v2\/product_brand?post=544"},{"taxonomy":"product_cat","embeddable":true,"href":"https:\/\/dudziakwypozyczalnia.com\/index.php\/wp-json\/wp\/v2\/product_cat?post=544"},{"taxonomy":"product_tag","embeddable":true,"href":"https:\/\/dudziakwypozyczalnia.com\/index.php\/wp-json\/wp\/v2\/product_tag?post=544"}],"curies":[{"name":"wp","href":"https:\/\/api.w.org\/{rel}","templated":true}]}}