{"id":547,"date":"2024-01-15T21:03:04","date_gmt":"2024-01-15T20:03:04","guid":{"rendered":"https:\/\/dudziakwypozyczalnia.com\/?post_type=product&#038;p=547"},"modified":"2024-07-28T21:21:43","modified_gmt":"2024-07-28T19:21:43","slug":"podkrzesywarka-525-pt5-s","status":"publish","type":"product","link":"https:\/\/dudziakwypozyczalnia.com\/index.php\/produkt\/podkrzesywarka-525-pt5-s\/","title":{"rendered":"PODKRZESYWARKA 525 PT5 S"},"content":{"rendered":"","protected":false},"excerpt":{"rendered":"","protected":false},"featured_media":320,"comment_status":"open","ping_status":"closed","template":"","meta":{"_acf_changed":false},"product_brand":[],"product_cat":[121,129],"product_tag":[],"class_list":{"0":"post-547","1":"product","2":"type-product","3":"status-publish","4":"has-post-thumbnail","6":"product_cat-asortyment-ogrodniczy","7":"product_cat-podkrzesywarki","9":"first","10":"instock","11":"shipping-taxable","12":"purchasable","13":"product-type-simple"},"acf":{"dane_techniczne":"'-producent: Husqvarna\r\n-silnik 2-suwowy \r\n-pojemo\u015b\u0107 skokowa 25,5 cm3\r\n-moc silnika  1 kW\/ 1,4 KM\r\n-waga 7kg \r\n-pojemno\u015b\u0107 zbiornika paliwa 0,5 l\r\n-pojemno\u015b\u0107 zbiornika oleju 0,14 l\r\n-ca\u0142kowita d\u0142ugo\u015b\u0107 urz\u0105dzenia 402 cm\r\n-podzia\u0142ka pi\u0142y 1,4\"","Kaucja":300,"Cena za dob\u0119":130,"zastosowanie":"Podkrzesywarka z wysi\u0119gnikiem teleskopowym zapewnia d\u0142ugi zasi\u0119g a odpowiednie wywa\u017cenie urz\u0105dzenia sprawia, \u017ce praca jest \u0142atwa i przyjemna.","uwagi":"Z UWAGI NA DBA\u0141O\u015a\u0106 O NASZE URZ\u0104DZENIA ZAPEWNIAMY W\u0141ASNE PALIWO- ODPOWIDNI\u0104 MIESZANK\u0118 BENZYNY I OLEJU !!!\r\n(AKTUALNE CENY RYNKOWE)"},"_links":{"self":[{"href":"https:\/\/dudziakwypozyczalnia.com\/index.php\/wp-json\/wp\/v2\/product\/547","targetHints":{"allow":["GET"]}}],"collection":[{"href":"https:\/\/dudziakwypozyczalnia.com\/index.php\/wp-json\/wp\/v2\/product"}],"about":[{"href":"https:\/\/dudziakwypozyczalnia.com\/index.php\/wp-json\/wp\/v2\/types\/product"}],"replies":[{"embeddable":true,"href":"https:\/\/dudziakwypozyczalnia.com\/index.php\/wp-json\/wp\/v2\/comments?post=547"}],"wp:featuredmedia":[{"embeddable":true,"href":"https:\/\/dudziakwypozyczalnia.com\/index.php\/wp-json\/wp\/v2\/media\/320"}],"wp:attachment":[{"href":"https:\/\/dudziakwypozyczalnia.com\/index.php\/wp-json\/wp\/v2\/media?parent=547"}],"wp:term":[{"taxonomy":"product_brand","embeddable":true,"href":"https:\/\/dudziakwypozyczalnia.com\/index.php\/wp-json\/wp\/v2\/product_brand?post=547"},{"taxonomy":"product_cat","embeddable":true,"href":"https:\/\/dudziakwypozyczalnia.com\/index.php\/wp-json\/wp\/v2\/product_cat?post=547"},{"taxonomy":"product_tag","embeddable":true,"href":"https:\/\/dudziakwypozyczalnia.com\/index.php\/wp-json\/wp\/v2\/product_tag?post=547"}],"curies":[{"name":"wp","href":"https:\/\/api.w.org\/{rel}","templated":true}]}}