{"id":548,"date":"2024-01-15T21:03:05","date_gmt":"2024-01-15T20:03:05","guid":{"rendered":"https:\/\/dudziakwypozyczalnia.com\/?post_type=product&#038;p=548"},"modified":"2024-01-15T23:01:15","modified_gmt":"2024-01-15T22:01:15","slug":"pilarka-spalinowa-543-xp-husqvarna","status":"publish","type":"product","link":"https:\/\/dudziakwypozyczalnia.com\/index.php\/produkt\/pilarka-spalinowa-543-xp-husqvarna\/","title":{"rendered":"PILARKA SPALINOWA 543 XP HUSQVARNA"},"content":{"rendered":"","protected":false},"excerpt":{"rendered":"","protected":false},"featured_media":321,"comment_status":"open","ping_status":"closed","template":"","meta":{"_acf_changed":false},"product_brand":[],"product_cat":[119,121,130,131],"product_tag":[],"class_list":{"0":"post-548","1":"product","2":"type-product","3":"status-publish","4":"has-post-thumbnail","6":"product_cat-asortyment-budowlany","7":"product_cat-asortyment-ogrodniczy","8":"product_cat-pilarki","9":"product_cat-pilarki-asortyment-budowlany","11":"first","12":"instock","13":"shipping-taxable","14":"purchasable","15":"product-type-simple"},"acf":{"dane_techniczne":"'-producent; Husqvarna \n-pojemno\u015b\u0107 cylindra 43,1 m3\n-moc wyj\u015bciowa 2,2 kW \/3 km\n-d\u0142ugo\u015b\u0107 prowadnicy 38 cm\n-waga urz\u0105dzenia 4,5 kg\n-pr\u0119dko\u015b\u0107 \u0142a\u0144cucha max 24,6 m\/s\n-pojemno\u015b\u0107 zbiornika paliwa 0,52 l\n-pojemno\u015b\u0107 zbiornika oleju 0,27 l","Kaucja":300,"Cena za dob\u0119":100,"zastosowanie":"Lekka, wydajna i \u0142atwa w manewrowaniu pilarka przeznaczona do u\u017cytku profesjonalnego. Przydatna do \u015bcinania i okrzesywania drzewa.","uwagi":""},"_links":{"self":[{"href":"https:\/\/dudziakwypozyczalnia.com\/index.php\/wp-json\/wp\/v2\/product\/548","targetHints":{"allow":["GET"]}}],"collection":[{"href":"https:\/\/dudziakwypozyczalnia.com\/index.php\/wp-json\/wp\/v2\/product"}],"about":[{"href":"https:\/\/dudziakwypozyczalnia.com\/index.php\/wp-json\/wp\/v2\/types\/product"}],"replies":[{"embeddable":true,"href":"https:\/\/dudziakwypozyczalnia.com\/index.php\/wp-json\/wp\/v2\/comments?post=548"}],"wp:featuredmedia":[{"embeddable":true,"href":"https:\/\/dudziakwypozyczalnia.com\/index.php\/wp-json\/wp\/v2\/media\/321"}],"wp:attachment":[{"href":"https:\/\/dudziakwypozyczalnia.com\/index.php\/wp-json\/wp\/v2\/media?parent=548"}],"wp:term":[{"taxonomy":"product_brand","embeddable":true,"href":"https:\/\/dudziakwypozyczalnia.com\/index.php\/wp-json\/wp\/v2\/product_brand?post=548"},{"taxonomy":"product_cat","embeddable":true,"href":"https:\/\/dudziakwypozyczalnia.com\/index.php\/wp-json\/wp\/v2\/product_cat?post=548"},{"taxonomy":"product_tag","embeddable":true,"href":"https:\/\/dudziakwypozyczalnia.com\/index.php\/wp-json\/wp\/v2\/product_tag?post=548"}],"curies":[{"name":"wp","href":"https:\/\/api.w.org\/{rel}","templated":true}]}}