{"id":549,"date":"2024-01-15T21:03:05","date_gmt":"2024-01-15T20:03:05","guid":{"rendered":"https:\/\/dudziakwypozyczalnia.com\/?post_type=product&#038;p=549"},"modified":"2024-01-15T23:01:15","modified_gmt":"2024-01-15T22:01:15","slug":"pilarka-stihl-mse-190-c","status":"publish","type":"product","link":"https:\/\/dudziakwypozyczalnia.com\/index.php\/produkt\/pilarka-stihl-mse-190-c\/","title":{"rendered":"PILARKA STIHL MSE 190 C"},"content":{"rendered":"","protected":false},"excerpt":{"rendered":"","protected":false},"featured_media":322,"comment_status":"open","ping_status":"closed","template":"","meta":{"_acf_changed":false},"product_brand":[],"product_cat":[119,121,131,130],"product_tag":[],"class_list":{"0":"post-549","1":"product","2":"type-product","3":"status-publish","4":"has-post-thumbnail","6":"product_cat-asortyment-budowlany","7":"product_cat-asortyment-ogrodniczy","8":"product_cat-pilarki-asortyment-budowlany","9":"product_cat-pilarki","11":"first","12":"instock","13":"shipping-taxable","14":"purchasable","15":"product-type-simple"},"acf":{"dane_techniczne":"'-producent; Stihl\n-moc silnika 1,9 kW\n-ci\u0119\u017car 4,3 kg \n-d\u0142ugo\u015b\u0107 prowadnicy 35 cm\n-podzia\u0142ka \u0142a\u0144cuchowa  3,8 \"","Kaucja":200,"Cena za dob\u0119":60,"zastosowanie":"Pilarka kt\u00f3ra spisuje si\u0119 dobrze do prac wok\u00f3\u0142 domu oraz ci\u0119cia drewna opa\u0142owego.\nSprawdza si\u0119 w zamkni\u0119tych pomieszczeniach oraz tam gdzie nale\u017cy zachowa\u0107 odpowiednie normy ha\u0142asu. ","uwagi":""},"_links":{"self":[{"href":"https:\/\/dudziakwypozyczalnia.com\/index.php\/wp-json\/wp\/v2\/product\/549","targetHints":{"allow":["GET"]}}],"collection":[{"href":"https:\/\/dudziakwypozyczalnia.com\/index.php\/wp-json\/wp\/v2\/product"}],"about":[{"href":"https:\/\/dudziakwypozyczalnia.com\/index.php\/wp-json\/wp\/v2\/types\/product"}],"replies":[{"embeddable":true,"href":"https:\/\/dudziakwypozyczalnia.com\/index.php\/wp-json\/wp\/v2\/comments?post=549"}],"wp:featuredmedia":[{"embeddable":true,"href":"https:\/\/dudziakwypozyczalnia.com\/index.php\/wp-json\/wp\/v2\/media\/322"}],"wp:attachment":[{"href":"https:\/\/dudziakwypozyczalnia.com\/index.php\/wp-json\/wp\/v2\/media?parent=549"}],"wp:term":[{"taxonomy":"product_brand","embeddable":true,"href":"https:\/\/dudziakwypozyczalnia.com\/index.php\/wp-json\/wp\/v2\/product_brand?post=549"},{"taxonomy":"product_cat","embeddable":true,"href":"https:\/\/dudziakwypozyczalnia.com\/index.php\/wp-json\/wp\/v2\/product_cat?post=549"},{"taxonomy":"product_tag","embeddable":true,"href":"https:\/\/dudziakwypozyczalnia.com\/index.php\/wp-json\/wp\/v2\/product_tag?post=549"}],"curies":[{"name":"wp","href":"https:\/\/api.w.org\/{rel}","templated":true}]}}