{"id":551,"date":"2024-01-15T21:03:05","date_gmt":"2024-01-15T20:03:05","guid":{"rendered":"https:\/\/dudziakwypozyczalnia.com\/?post_type=product&#038;p=551"},"modified":"2024-01-15T23:01:16","modified_gmt":"2024-01-15T22:01:16","slug":"dewalt-dwe-399-qs-pilarka-aligator","status":"publish","type":"product","link":"https:\/\/dudziakwypozyczalnia.com\/index.php\/produkt\/dewalt-dwe-399-qs-pilarka-aligator\/","title":{"rendered":"DEWALT DWE 399 -QS PILARKA ALIGATOR"},"content":{"rendered":"","protected":false},"excerpt":{"rendered":"","protected":false},"featured_media":324,"comment_status":"open","ping_status":"closed","template":"","meta":{"_acf_changed":false},"product_brand":[],"product_cat":[119,121,130,131],"product_tag":[],"class_list":{"0":"post-551","1":"product","2":"type-product","3":"status-publish","4":"has-post-thumbnail","6":"product_cat-asortyment-budowlany","7":"product_cat-asortyment-ogrodniczy","8":"product_cat-pilarki","9":"product_cat-pilarki-asortyment-budowlany","11":"first","12":"instock","13":"shipping-taxable","14":"purchasable","15":"product-type-simple"},"acf":{"dane_techniczne":"'-producent; Dewalt\n-moc u\u017cyteczna 900 W\n-cz\u0119stotliwo\u015b\u0107 suw\u00f3w 3000 suw\u00f3w\/min.\n-d\u0142ugo\u015b\u0107 skoku 40 mm\n-d\u0142ugo\u015b\u0107 ostrza 430 mm\n-masa 5,5 kg ","Kaucja":300,"Cena za dob\u0119":120,"zastosowanie":"Doskonale nadaje si\u0119 do ci\u0119cia bloczk\u00f3w z betonu kom\u00f3rkowego -gazobeton. sprz\u0119t jest lekki i ma ergonomiczn\u0105 r\u0119koje\u015b\u0107  dzi\u0119ki temu praca tym urz\u0105dzeniem jest wygodna. ","uwagi":""},"_links":{"self":[{"href":"https:\/\/dudziakwypozyczalnia.com\/index.php\/wp-json\/wp\/v2\/product\/551","targetHints":{"allow":["GET"]}}],"collection":[{"href":"https:\/\/dudziakwypozyczalnia.com\/index.php\/wp-json\/wp\/v2\/product"}],"about":[{"href":"https:\/\/dudziakwypozyczalnia.com\/index.php\/wp-json\/wp\/v2\/types\/product"}],"replies":[{"embeddable":true,"href":"https:\/\/dudziakwypozyczalnia.com\/index.php\/wp-json\/wp\/v2\/comments?post=551"}],"wp:featuredmedia":[{"embeddable":true,"href":"https:\/\/dudziakwypozyczalnia.com\/index.php\/wp-json\/wp\/v2\/media\/324"}],"wp:attachment":[{"href":"https:\/\/dudziakwypozyczalnia.com\/index.php\/wp-json\/wp\/v2\/media?parent=551"}],"wp:term":[{"taxonomy":"product_brand","embeddable":true,"href":"https:\/\/dudziakwypozyczalnia.com\/index.php\/wp-json\/wp\/v2\/product_brand?post=551"},{"taxonomy":"product_cat","embeddable":true,"href":"https:\/\/dudziakwypozyczalnia.com\/index.php\/wp-json\/wp\/v2\/product_cat?post=551"},{"taxonomy":"product_tag","embeddable":true,"href":"https:\/\/dudziakwypozyczalnia.com\/index.php\/wp-json\/wp\/v2\/product_tag?post=551"}],"curies":[{"name":"wp","href":"https:\/\/api.w.org\/{rel}","templated":true}]}}