{"id":557,"date":"2024-01-15T21:03:06","date_gmt":"2024-01-15T20:03:06","guid":{"rendered":"https:\/\/dudziakwypozyczalnia.com\/?post_type=product&#038;p=557"},"modified":"2024-09-01T17:45:28","modified_gmt":"2024-09-01T15:45:28","slug":"frezarka-rt-0700c-makita","status":"publish","type":"product","link":"https:\/\/dudziakwypozyczalnia.com\/index.php\/produkt\/frezarka-rt-0700c-makita\/","title":{"rendered":"FREZARKA RT 0700C MAKITA"},"content":{"rendered":"","protected":false},"excerpt":{"rendered":"","protected":false},"featured_media":329,"comment_status":"open","ping_status":"closed","template":"","meta":{"_acf_changed":false},"product_brand":[],"product_cat":[119,172],"product_tag":[],"class_list":{"0":"post-557","1":"product","2":"type-product","3":"status-publish","4":"has-post-thumbnail","6":"product_cat-asortyment-budowlany","7":"product_cat-frezarki-do-drewna-asortyment-budowlany","9":"first","10":"instock","11":"shipping-taxable","12":"purchasable","13":"product-type-simple"},"acf":{"dane_techniczne":"'-producent: MAKITA\r\n-moc znamionowa 710 W\r\n-g\u0142\u0119boko\u015b\u0107 wycinania 0-40 mm\r\n-g\u0142\u0119boko\u015b\u0107 frezowania 0-35 mm\r\n-uchwyt narz\u0119dzia 6 mm\r\n-masa 1,8 kg\r\n-regulacja pr\u0119dko\u015bci obrotowej\r\n-adapter do odsysania\r\n-w zestawie \/ zestaw frez\u00f3w + przystawki\/","Kaucja":200,"Cena za dob\u0119":45,"zastosowanie":"","uwagi":""},"_links":{"self":[{"href":"https:\/\/dudziakwypozyczalnia.com\/index.php\/wp-json\/wp\/v2\/product\/557","targetHints":{"allow":["GET"]}}],"collection":[{"href":"https:\/\/dudziakwypozyczalnia.com\/index.php\/wp-json\/wp\/v2\/product"}],"about":[{"href":"https:\/\/dudziakwypozyczalnia.com\/index.php\/wp-json\/wp\/v2\/types\/product"}],"replies":[{"embeddable":true,"href":"https:\/\/dudziakwypozyczalnia.com\/index.php\/wp-json\/wp\/v2\/comments?post=557"}],"wp:featuredmedia":[{"embeddable":true,"href":"https:\/\/dudziakwypozyczalnia.com\/index.php\/wp-json\/wp\/v2\/media\/329"}],"wp:attachment":[{"href":"https:\/\/dudziakwypozyczalnia.com\/index.php\/wp-json\/wp\/v2\/media?parent=557"}],"wp:term":[{"taxonomy":"product_brand","embeddable":true,"href":"https:\/\/dudziakwypozyczalnia.com\/index.php\/wp-json\/wp\/v2\/product_brand?post=557"},{"taxonomy":"product_cat","embeddable":true,"href":"https:\/\/dudziakwypozyczalnia.com\/index.php\/wp-json\/wp\/v2\/product_cat?post=557"},{"taxonomy":"product_tag","embeddable":true,"href":"https:\/\/dudziakwypozyczalnia.com\/index.php\/wp-json\/wp\/v2\/product_tag?post=557"}],"curies":[{"name":"wp","href":"https:\/\/api.w.org\/{rel}","templated":true}]}}