{"id":559,"date":"2024-01-15T21:03:06","date_gmt":"2024-01-15T20:03:06","guid":{"rendered":"https:\/\/dudziakwypozyczalnia.com\/?post_type=product&#038;p=559"},"modified":"2024-01-15T23:01:16","modified_gmt":"2024-01-15T22:01:16","slug":"laser-dewalt-dw088k","status":"publish","type":"product","link":"https:\/\/dudziakwypozyczalnia.com\/index.php\/produkt\/laser-dewalt-dw088k\/","title":{"rendered":"LASER DEWALT DW088K"},"content":{"rendered":"","protected":false},"excerpt":{"rendered":"","protected":false},"featured_media":331,"comment_status":"open","ping_status":"closed","template":"","meta":{"_acf_changed":false},"product_brand":[],"product_cat":[119,138],"product_tag":[],"class_list":{"0":"post-559","1":"product","2":"type-product","3":"status-publish","4":"has-post-thumbnail","6":"product_cat-asortyment-budowlany","7":"product_cat-lasery","9":"first","10":"instock","11":"shipping-taxable","12":"purchasable","13":"product-type-simple"},"acf":{"dane_techniczne":"'-producent; Dewalt\n-klasa lasera 2, &lt; 1 mW\n-dok\u0142adno\u015b\u0107  +\/- 0,3 mm\/m\n-liczba wi\u0105zek 2\n-kierunek wi\u0105zek- pionowy\/ poziomy\n-zakres widoczno\u015bci 15 m\n-zakres samo poziomowania 4 st. statyw 1.4 &quot;","Kaucja":200,"Cena za dob\u0119":60,"zastosowanie":"Laser krzy\u017cowy z funkcj\u0105 samo poziomowania i dwukierunkow\u0105 wi\u0105zk\u0105 sprawdzi si\u0119 w r\u00f3\u017cnego typu pracach wyko\u0144czeniowych i remontowych. ","uwagi":""},"_links":{"self":[{"href":"https:\/\/dudziakwypozyczalnia.com\/index.php\/wp-json\/wp\/v2\/product\/559","targetHints":{"allow":["GET"]}}],"collection":[{"href":"https:\/\/dudziakwypozyczalnia.com\/index.php\/wp-json\/wp\/v2\/product"}],"about":[{"href":"https:\/\/dudziakwypozyczalnia.com\/index.php\/wp-json\/wp\/v2\/types\/product"}],"replies":[{"embeddable":true,"href":"https:\/\/dudziakwypozyczalnia.com\/index.php\/wp-json\/wp\/v2\/comments?post=559"}],"wp:featuredmedia":[{"embeddable":true,"href":"https:\/\/dudziakwypozyczalnia.com\/index.php\/wp-json\/wp\/v2\/media\/331"}],"wp:attachment":[{"href":"https:\/\/dudziakwypozyczalnia.com\/index.php\/wp-json\/wp\/v2\/media?parent=559"}],"wp:term":[{"taxonomy":"product_brand","embeddable":true,"href":"https:\/\/dudziakwypozyczalnia.com\/index.php\/wp-json\/wp\/v2\/product_brand?post=559"},{"taxonomy":"product_cat","embeddable":true,"href":"https:\/\/dudziakwypozyczalnia.com\/index.php\/wp-json\/wp\/v2\/product_cat?post=559"},{"taxonomy":"product_tag","embeddable":true,"href":"https:\/\/dudziakwypozyczalnia.com\/index.php\/wp-json\/wp\/v2\/product_tag?post=559"}],"curies":[{"name":"wp","href":"https:\/\/api.w.org\/{rel}","templated":true}]}}