{"id":562,"date":"2024-01-15T21:03:06","date_gmt":"2024-01-15T20:03:06","guid":{"rendered":"https:\/\/dudziakwypozyczalnia.com\/?post_type=product&#038;p=562"},"modified":"2026-01-02T18:31:03","modified_gmt":"2026-01-02T17:31:03","slug":"mlot-wyburzeniowy-makita-hm-1512-klasa-20-kg","status":"publish","type":"product","link":"https:\/\/dudziakwypozyczalnia.com\/index.php\/produkt\/mlot-wyburzeniowy-makita-hm-1512-klasa-20-kg\/","title":{"rendered":"M\u0141OT WYBURZENIOWY MAKITA HM 1512- klasa 20 kg\/ CENA ZA WYPO\u017bYCZENIE DO 4 H 110 Z\u0141"},"content":{"rendered":"<div style=\"width: 800px;\" class=\"wp-video\"><video class=\"wp-video-shortcode\" id=\"video-562-1\" width=\"800\" height=\"800\" preload=\"metadata\" controls=\"controls\"><source type=\"video\/mp4\" src=\"https:\/\/dudziakwypozyczalnia.com\/wp-content\/uploads\/2024\/01\/Kwadratowy-post-wideo-1080x1080-px-12.mp4?_=1\" \/><a href=\"https:\/\/dudziakwypozyczalnia.com\/wp-content\/uploads\/2024\/01\/Kwadratowy-post-wideo-1080x1080-px-12.mp4\">https:\/\/dudziakwypozyczalnia.com\/wp-content\/uploads\/2024\/01\/Kwadratowy-post-wideo-1080x1080-px-12.mp4<\/a><\/video><\/div>\n","protected":false},"excerpt":{"rendered":"","protected":false},"featured_media":334,"comment_status":"open","ping_status":"closed","template":"","meta":{"_acf_changed":false},"product_brand":[],"product_cat":[119,139],"product_tag":[],"class_list":{"0":"post-562","1":"product","2":"type-product","3":"status-publish","4":"has-post-thumbnail","6":"product_cat-asortyment-budowlany","7":"product_cat-mloty-wyburzeniowe","9":"first","10":"instock","11":"shipping-taxable","12":"purchasable","13":"product-type-simple"},"acf":{"dane_techniczne":"'-producent; Makita\r\n-pob\u00f3r mocy 1510 W\r\n-energia udaru 48,5 J\r\n-cz\u0119stotliwo\u015b\u0107 udaru 1300 min-1\r\n-waga 20,4 kg\r\n-uchwyt narz\u0119dziowy HEX 28,6 mm\r\n-system atv","Kaucja":400,"Cena za dob\u0119":150,"zastosowanie":"M\u0142ot z uchwytem narz\u0119dziowym HEX 28,6 mm.\r\nUrz\u0105dzenie przeznaczone  do ci\u0119\u017ckiej pracy.\r\nDzi\u0119ki energii udaru na poziomie 48,5 J i mocy 1800 W. Praca urz\u0105dzeniem powinna by\u0107 efektowna a usuwanie materia\u0142u nie powinno sprawia\u0107 problemu.","uwagi":"D\u0142uta do elektronarz\u0119dzi HEX 20 z\u0142 brutto \/ sztuka\/ doba\r\nZOBACZ VIDEO !!\r\n[video width=\"1080\" height=\"1080\" mp4=\"https:\/\/dudziakwypozyczalnia.com\/wp-content\/uploads\/2024\/01\/Kwadratowy-post-wideo-1080x1080-px-12.mp4\"][\/video]"},"_links":{"self":[{"href":"https:\/\/dudziakwypozyczalnia.com\/index.php\/wp-json\/wp\/v2\/product\/562","targetHints":{"allow":["GET"]}}],"collection":[{"href":"https:\/\/dudziakwypozyczalnia.com\/index.php\/wp-json\/wp\/v2\/product"}],"about":[{"href":"https:\/\/dudziakwypozyczalnia.com\/index.php\/wp-json\/wp\/v2\/types\/product"}],"replies":[{"embeddable":true,"href":"https:\/\/dudziakwypozyczalnia.com\/index.php\/wp-json\/wp\/v2\/comments?post=562"}],"wp:featuredmedia":[{"embeddable":true,"href":"https:\/\/dudziakwypozyczalnia.com\/index.php\/wp-json\/wp\/v2\/media\/334"}],"wp:attachment":[{"href":"https:\/\/dudziakwypozyczalnia.com\/index.php\/wp-json\/wp\/v2\/media?parent=562"}],"wp:term":[{"taxonomy":"product_brand","embeddable":true,"href":"https:\/\/dudziakwypozyczalnia.com\/index.php\/wp-json\/wp\/v2\/product_brand?post=562"},{"taxonomy":"product_cat","embeddable":true,"href":"https:\/\/dudziakwypozyczalnia.com\/index.php\/wp-json\/wp\/v2\/product_cat?post=562"},{"taxonomy":"product_tag","embeddable":true,"href":"https:\/\/dudziakwypozyczalnia.com\/index.php\/wp-json\/wp\/v2\/product_tag?post=562"}],"curies":[{"name":"wp","href":"https:\/\/api.w.org\/{rel}","templated":true}]}}