{"id":565,"date":"2024-01-15T21:03:14","date_gmt":"2024-01-15T20:03:14","guid":{"rendered":"https:\/\/dudziakwypozyczalnia.com\/?post_type=product&#038;p=565"},"modified":"2024-01-15T23:01:17","modified_gmt":"2024-01-15T22:01:17","slug":"makita-ga9020-szlifierka-katowa","status":"publish","type":"product","link":"https:\/\/dudziakwypozyczalnia.com\/index.php\/produkt\/makita-ga9020-szlifierka-katowa\/","title":{"rendered":"MAKITA GA9020 SZLIFIERKA K\u0104TOWA"},"content":{"rendered":"","protected":false},"excerpt":{"rendered":"","protected":false},"featured_media":337,"comment_status":"open","ping_status":"closed","template":"","meta":{"_acf_changed":false},"product_brand":[],"product_cat":[119,142],"product_tag":[],"class_list":{"0":"post-565","1":"product","2":"type-product","3":"status-publish","4":"has-post-thumbnail","6":"product_cat-asortyment-budowlany","7":"product_cat-szlifierki-katowe","9":"first","10":"instock","11":"shipping-taxable","12":"purchasable","13":"product-type-simple"},"acf":{"dane_techniczne":"'-producent; MAKITA\n-pob\u00f3r mocy 2,2oo W\n-pr\u0119dko\u015b\u0107 obrotowa 6,600 min-1\n-\u015brednica \u015bciernicy (tarczy) 230 mm\n-gwint wrzeciona M 14X2\n- ci\u0119\u017car 5,8 kg","Kaucja":200,"Cena za dob\u0119":40,"zastosowanie":"Najcz\u0119\u015bciej u\u017cywana do przecinania pr\u0119t\u00f3w zbrojeniowych, blachy a tak\u017ce ci\u0119cia betonowych i ceramicznych element\u00f3w. Mo\u017ce by\u0107 tak\u017ce stosowana do zgrubnego szlifowania twardych powierzchni. ","uwagi":""},"_links":{"self":[{"href":"https:\/\/dudziakwypozyczalnia.com\/index.php\/wp-json\/wp\/v2\/product\/565","targetHints":{"allow":["GET"]}}],"collection":[{"href":"https:\/\/dudziakwypozyczalnia.com\/index.php\/wp-json\/wp\/v2\/product"}],"about":[{"href":"https:\/\/dudziakwypozyczalnia.com\/index.php\/wp-json\/wp\/v2\/types\/product"}],"replies":[{"embeddable":true,"href":"https:\/\/dudziakwypozyczalnia.com\/index.php\/wp-json\/wp\/v2\/comments?post=565"}],"wp:featuredmedia":[{"embeddable":true,"href":"https:\/\/dudziakwypozyczalnia.com\/index.php\/wp-json\/wp\/v2\/media\/337"}],"wp:attachment":[{"href":"https:\/\/dudziakwypozyczalnia.com\/index.php\/wp-json\/wp\/v2\/media?parent=565"}],"wp:term":[{"taxonomy":"product_brand","embeddable":true,"href":"https:\/\/dudziakwypozyczalnia.com\/index.php\/wp-json\/wp\/v2\/product_brand?post=565"},{"taxonomy":"product_cat","embeddable":true,"href":"https:\/\/dudziakwypozyczalnia.com\/index.php\/wp-json\/wp\/v2\/product_cat?post=565"},{"taxonomy":"product_tag","embeddable":true,"href":"https:\/\/dudziakwypozyczalnia.com\/index.php\/wp-json\/wp\/v2\/product_tag?post=565"}],"curies":[{"name":"wp","href":"https:\/\/api.w.org\/{rel}","templated":true}]}}