{"id":567,"date":"2024-01-15T21:03:14","date_gmt":"2024-01-15T20:03:14","guid":{"rendered":"https:\/\/dudziakwypozyczalnia.com\/?post_type=product&#038;p=567"},"modified":"2024-01-15T23:01:17","modified_gmt":"2024-01-15T22:01:17","slug":"bosh-gho-15-82-strug-reczny","status":"publish","type":"product","link":"https:\/\/dudziakwypozyczalnia.com\/index.php\/produkt\/bosh-gho-15-82-strug-reczny\/","title":{"rendered":"BOSH GHO 15-82 STRUG R\u0118CZNY"},"content":{"rendered":"","protected":false},"excerpt":{"rendered":"","protected":false},"featured_media":339,"comment_status":"open","ping_status":"closed","template":"","meta":{"_acf_changed":false},"product_brand":[],"product_cat":[119,143],"product_tag":[],"class_list":{"0":"post-567","1":"product","2":"type-product","3":"status-publish","4":"has-post-thumbnail","6":"product_cat-asortyment-budowlany","7":"product_cat-strugi-reczne","9":"first","10":"instock","11":"shipping-taxable","12":"purchasable","13":"product-type-simple"},"acf":{"dane_techniczne":"'-producent; BOSH\n-moc nominalna 600 W\n-g\u0142\u0119boko\u015b\u0107 strugania 0-1,5 mm\n-pr\u0119dko\u015b\u0107 obrotowa 16,000 obr.\/ min.\n-szeroko\u015b\u0107 strugania 82 mm","Kaucja":200,"Cena za dob\u0119":35,"zastosowanie":"Strug r\u0119czny przeznaczony do heblowania materia\u0142\u00f3w drewnianych takich jak desek lub belek. Sprawdza si\u0119 r\u00f3wnie\u017c do frezowania kraw\u0119dzi. ","uwagi":""},"_links":{"self":[{"href":"https:\/\/dudziakwypozyczalnia.com\/index.php\/wp-json\/wp\/v2\/product\/567","targetHints":{"allow":["GET"]}}],"collection":[{"href":"https:\/\/dudziakwypozyczalnia.com\/index.php\/wp-json\/wp\/v2\/product"}],"about":[{"href":"https:\/\/dudziakwypozyczalnia.com\/index.php\/wp-json\/wp\/v2\/types\/product"}],"replies":[{"embeddable":true,"href":"https:\/\/dudziakwypozyczalnia.com\/index.php\/wp-json\/wp\/v2\/comments?post=567"}],"wp:featuredmedia":[{"embeddable":true,"href":"https:\/\/dudziakwypozyczalnia.com\/index.php\/wp-json\/wp\/v2\/media\/339"}],"wp:attachment":[{"href":"https:\/\/dudziakwypozyczalnia.com\/index.php\/wp-json\/wp\/v2\/media?parent=567"}],"wp:term":[{"taxonomy":"product_brand","embeddable":true,"href":"https:\/\/dudziakwypozyczalnia.com\/index.php\/wp-json\/wp\/v2\/product_brand?post=567"},{"taxonomy":"product_cat","embeddable":true,"href":"https:\/\/dudziakwypozyczalnia.com\/index.php\/wp-json\/wp\/v2\/product_cat?post=567"},{"taxonomy":"product_tag","embeddable":true,"href":"https:\/\/dudziakwypozyczalnia.com\/index.php\/wp-json\/wp\/v2\/product_tag?post=567"}],"curies":[{"name":"wp","href":"https:\/\/api.w.org\/{rel}","templated":true}]}}