{"id":570,"date":"2024-01-15T21:03:15","date_gmt":"2024-01-15T20:03:15","guid":{"rendered":"https:\/\/dudziakwypozyczalnia.com\/?post_type=product&#038;p=570"},"modified":"2024-01-15T23:01:17","modified_gmt":"2024-01-15T22:01:17","slug":"wyrzynarka-bosh-gts-160-bce","status":"publish","type":"product","link":"https:\/\/dudziakwypozyczalnia.com\/index.php\/produkt\/wyrzynarka-bosh-gts-160-bce\/","title":{"rendered":"WYRZYNARKA BOSH GTS 160 BCE"},"content":{"rendered":"","protected":false},"excerpt":{"rendered":"","protected":false},"featured_media":342,"comment_status":"open","ping_status":"closed","template":"","meta":{"_acf_changed":false},"product_brand":[],"product_cat":[119,146],"product_tag":[],"class_list":{"0":"post-570","1":"product","2":"type-product","3":"status-publish","4":"has-post-thumbnail","6":"product_cat-asortyment-budowlany","7":"product_cat-wyrzynarki","9":"first","10":"instock","11":"shipping-taxable","12":"purchasable","13":"product-type-simple"},"acf":{"dane_techniczne":"'-producent; BOSH\n-moc nominalna 800 W\n-liczba skok\u00f3w roboczych 3000-1\n-regulacja obrot\u00f3w\n-mocowanie brzeszczot\u00f3w: typ T\n-g\u0142\u0119boko\u015b\u0107 ci\u0119cia e drewnie 160 mm\n-g\u0142\u0119boko\u015b\u0107 ci\u0119cia w aluminium  20 mm\n- g\u0142\u0119boko\u015b\u0107 w stali 5 mm\n-masa 2,3 kg ","Kaucja":200,"Cena za dob\u0119":40,"zastosowanie":"Lekka, kompaktowa wyrzynarka wyposa\u017cona w specjalny system kt\u00f3ry minimalizuje  przesuwanie i wyginanie brzeszczot\u00f3w.\n\u0141atwa wymiana brzeszczot\u00f3w SDS i o\u015bwietlenie sprawia, \u017ce praca staje si\u0119 przyjemniejsza. ","uwagi":""},"_links":{"self":[{"href":"https:\/\/dudziakwypozyczalnia.com\/index.php\/wp-json\/wp\/v2\/product\/570","targetHints":{"allow":["GET"]}}],"collection":[{"href":"https:\/\/dudziakwypozyczalnia.com\/index.php\/wp-json\/wp\/v2\/product"}],"about":[{"href":"https:\/\/dudziakwypozyczalnia.com\/index.php\/wp-json\/wp\/v2\/types\/product"}],"replies":[{"embeddable":true,"href":"https:\/\/dudziakwypozyczalnia.com\/index.php\/wp-json\/wp\/v2\/comments?post=570"}],"wp:featuredmedia":[{"embeddable":true,"href":"https:\/\/dudziakwypozyczalnia.com\/index.php\/wp-json\/wp\/v2\/media\/342"}],"wp:attachment":[{"href":"https:\/\/dudziakwypozyczalnia.com\/index.php\/wp-json\/wp\/v2\/media?parent=570"}],"wp:term":[{"taxonomy":"product_brand","embeddable":true,"href":"https:\/\/dudziakwypozyczalnia.com\/index.php\/wp-json\/wp\/v2\/product_brand?post=570"},{"taxonomy":"product_cat","embeddable":true,"href":"https:\/\/dudziakwypozyczalnia.com\/index.php\/wp-json\/wp\/v2\/product_cat?post=570"},{"taxonomy":"product_tag","embeddable":true,"href":"https:\/\/dudziakwypozyczalnia.com\/index.php\/wp-json\/wp\/v2\/product_tag?post=570"}],"curies":[{"name":"wp","href":"https:\/\/api.w.org\/{rel}","templated":true}]}}