{"id":573,"date":"2024-01-15T21:03:15","date_gmt":"2024-01-15T20:03:15","guid":{"rendered":"https:\/\/dudziakwypozyczalnia.com\/?post_type=product&#038;p=573"},"modified":"2025-12-07T16:54:01","modified_gmt":"2025-12-07T15:54:01","slug":"zageszczarka-husqvarna-lf-130-lt","status":"publish","type":"product","link":"https:\/\/dudziakwypozyczalnia.com\/index.php\/produkt\/zageszczarka-husqvarna-lf-130-lt\/","title":{"rendered":"ZAG\u0118SZCZARKA HUSQVARNA LF 130 LT\/ CENA WYNAJMU DO 4 H- 80 Z\u0141"},"content":{"rendered":"","protected":false},"excerpt":{"rendered":"","protected":false},"featured_media":345,"comment_status":"open","ping_status":"closed","template":"","meta":{"_acf_changed":false},"product_brand":[],"product_cat":[119,149],"product_tag":[],"class_list":{"0":"post-573","1":"product","2":"type-product","3":"status-publish","4":"has-post-thumbnail","6":"product_cat-asortyment-budowlany","7":"product_cat-zageszczarki","9":"first","10":"instock","11":"sale","12":"shipping-taxable","13":"purchasable","14":"product-type-simple"},"acf":{"dane_techniczne":"\u0179r\u00f3d\u0142o zasilania- Benzyna,\r\nSzeroko\u015b\u0107 p\u0142yty-500 mm,\r\nWaga-135 kg,\r\nSi\u0142a od\u015brodkowa-20 kN.","Kaucja":500,"Cena za dob\u0119":140,"zastosowanie":"idealnie nadaje si\u0119 do zag\u0119szczania cienkich\/\u015brednich warstw gleby ziarnistej.","uwagi":"LF 130 LT to ci\u0119\u017cka, szybko pracuj\u0105ca jednokierunkowa zag\u0119szczarka p\u0142ytowa, kt\u00f3ra idealnie nadaje si\u0119 do zag\u0119szczania cienkich\/\u015brednich warstw gleby ziarnistej. Unikalny kszta\u0142t p\u0142yty i zoptymalizowana pr\u0119dko\u015b\u0107 umo\u017cliwiaj\u0105 szybkie i \u0142atwe zag\u0119szczanie o wysokiej wydajno\u015bci. Unikatowy, opatentowany uchwyt o niskim poziomie drga\u0144 chroni operatora przed szkodliwymi poziomami wibracji, a kompaktowa konstrukcja ze sk\u0142adanym uchwytem u\u0142atwia transport i przechowywanie."},"_links":{"self":[{"href":"https:\/\/dudziakwypozyczalnia.com\/index.php\/wp-json\/wp\/v2\/product\/573","targetHints":{"allow":["GET"]}}],"collection":[{"href":"https:\/\/dudziakwypozyczalnia.com\/index.php\/wp-json\/wp\/v2\/product"}],"about":[{"href":"https:\/\/dudziakwypozyczalnia.com\/index.php\/wp-json\/wp\/v2\/types\/product"}],"replies":[{"embeddable":true,"href":"https:\/\/dudziakwypozyczalnia.com\/index.php\/wp-json\/wp\/v2\/comments?post=573"}],"wp:featuredmedia":[{"embeddable":true,"href":"https:\/\/dudziakwypozyczalnia.com\/index.php\/wp-json\/wp\/v2\/media\/345"}],"wp:attachment":[{"href":"https:\/\/dudziakwypozyczalnia.com\/index.php\/wp-json\/wp\/v2\/media?parent=573"}],"wp:term":[{"taxonomy":"product_brand","embeddable":true,"href":"https:\/\/dudziakwypozyczalnia.com\/index.php\/wp-json\/wp\/v2\/product_brand?post=573"},{"taxonomy":"product_cat","embeddable":true,"href":"https:\/\/dudziakwypozyczalnia.com\/index.php\/wp-json\/wp\/v2\/product_cat?post=573"},{"taxonomy":"product_tag","embeddable":true,"href":"https:\/\/dudziakwypozyczalnia.com\/index.php\/wp-json\/wp\/v2\/product_tag?post=573"}],"curies":[{"name":"wp","href":"https:\/\/api.w.org\/{rel}","templated":true}]}}