{"id":574,"date":"2024-01-15T21:03:15","date_gmt":"2024-01-15T20:03:15","guid":{"rendered":"https:\/\/dudziakwypozyczalnia.com\/?post_type=product&#038;p=574"},"modified":"2025-12-14T18:08:31","modified_gmt":"2025-12-14T17:08:31","slug":"wiertnica-do-betonu-husqvarna-dms-240","status":"publish","type":"product","link":"https:\/\/dudziakwypozyczalnia.com\/index.php\/produkt\/wiertnica-do-betonu-husqvarna-dms-240\/","title":{"rendered":"WIERTNICA DO BETONU HUSQVARNA DMS 240"},"content":{"rendered":"<p><img fetchpriority=\"high\" decoding=\"async\" src=\"https:\/\/dudziakwypozyczalnia.com\/wp-content\/uploads\/2024\/01\/unnamed-1-225x300.webp\" alt=\"\" width=\"225\" height=\"300\" class=\"alignnone size-medium wp-image-1444\" srcset=\"https:\/\/dudziakwypozyczalnia.com\/wp-content\/uploads\/2024\/01\/unnamed-1-225x300.webp 225w, https:\/\/dudziakwypozyczalnia.com\/wp-content\/uploads\/2024\/01\/unnamed-1-768x1024.webp 768w, https:\/\/dudziakwypozyczalnia.com\/wp-content\/uploads\/2024\/01\/unnamed-1-1152x1536.webp 1152w, https:\/\/dudziakwypozyczalnia.com\/wp-content\/uploads\/2024\/01\/unnamed-1-600x800.webp 600w, https:\/\/dudziakwypozyczalnia.com\/wp-content\/uploads\/2024\/01\/unnamed-1-64x85.webp 64w, https:\/\/dudziakwypozyczalnia.com\/wp-content\/uploads\/2024\/01\/unnamed-1.webp 1383w\" sizes=\"(max-width: 225px) 100vw, 225px\" \/><\/p>\n<p><img decoding=\"async\" src=\"https:\/\/dudziakwypozyczalnia.com\/wp-content\/uploads\/2024\/01\/unnamed.webp\" alt=\"\" width=\"125\" height=\"125\" class=\"alignnone size-medium wp-image-1445\" srcset=\"https:\/\/dudziakwypozyczalnia.com\/wp-content\/uploads\/2024\/01\/unnamed.webp 125w, https:\/\/dudziakwypozyczalnia.com\/wp-content\/uploads\/2024\/01\/unnamed-100x100.webp 100w, https:\/\/dudziakwypozyczalnia.com\/wp-content\/uploads\/2024\/01\/unnamed-64x64.webp 64w\" sizes=\"(max-width: 125px) 100vw, 125px\" \/><\/p>\n","protected":false},"excerpt":{"rendered":"","protected":false},"featured_media":346,"comment_status":"open","ping_status":"closed","template":"","meta":{"_acf_changed":false},"product_brand":[],"product_cat":[119,150],"product_tag":[158],"class_list":{"0":"post-574","1":"product","2":"type-product","3":"status-publish","4":"has-post-thumbnail","6":"product_cat-asortyment-budowlany","7":"product_cat-wiertnice-do-betonu","8":"product_tag-husqvarna","10":"first","11":"instock","12":"shipping-taxable","13":"purchasable","14":"product-type-simple"},"acf":{"dane_techniczne":"'-producent; husqvarna\r\n-moc 2,4 KW\/3,3 KM\r\n-napi\u0119cie 230 V\r\n-obroty 185-455 min.\r\n-max \u015brednica wiert\u0142a 250 mm\r\n-max d\u0142ugo\u015b\u0107 posuwu 685 mm\r\n-gwint wrzeciona 1 1\/4 \"\r\n-ci\u0119\u017car 25 kg\r\n-wysoko\u015b\u0107 kolumny 1000 mm\r\n-wiercenie w kamieniu, \u017celbecie, betonie, cegle.\r\n\r\n<img src=\"https:\/\/dudziakwypozyczalnia.com\/wp-content\/uploads\/2024\/01\/unnamed-1-225x300.webp\" alt=\"\" width=\"225\" height=\"300\" class=\"alignnone size-medium wp-image-1444\" \/>\r\n\r\n<img src=\"https:\/\/dudziakwypozyczalnia.com\/wp-content\/uploads\/2024\/01\/unnamed.webp\" alt=\"\" width=\"125\" height=\"125\" class=\"alignnone size-medium wp-image-1445\" \/>\r\n","Kaucja":600,"Cena za dob\u0119":200,"zastosowanie":"Sprawdzi si\u0119 do wiercenia przepust\u00f3w rur, kabli, kana\u0142\u00f3w wentylacyjnych i kanalizacyjnych, otwor\u00f3w pod barierki.\r\nidealna do wiercenia w \u015bcianach, posadzkach i sufitach wiert\u0142ami koronowymi o \u015brednicy do 250 mm","uwagi":""},"_links":{"self":[{"href":"https:\/\/dudziakwypozyczalnia.com\/index.php\/wp-json\/wp\/v2\/product\/574","targetHints":{"allow":["GET"]}}],"collection":[{"href":"https:\/\/dudziakwypozyczalnia.com\/index.php\/wp-json\/wp\/v2\/product"}],"about":[{"href":"https:\/\/dudziakwypozyczalnia.com\/index.php\/wp-json\/wp\/v2\/types\/product"}],"replies":[{"embeddable":true,"href":"https:\/\/dudziakwypozyczalnia.com\/index.php\/wp-json\/wp\/v2\/comments?post=574"}],"wp:featuredmedia":[{"embeddable":true,"href":"https:\/\/dudziakwypozyczalnia.com\/index.php\/wp-json\/wp\/v2\/media\/346"}],"wp:attachment":[{"href":"https:\/\/dudziakwypozyczalnia.com\/index.php\/wp-json\/wp\/v2\/media?parent=574"}],"wp:term":[{"taxonomy":"product_brand","embeddable":true,"href":"https:\/\/dudziakwypozyczalnia.com\/index.php\/wp-json\/wp\/v2\/product_brand?post=574"},{"taxonomy":"product_cat","embeddable":true,"href":"https:\/\/dudziakwypozyczalnia.com\/index.php\/wp-json\/wp\/v2\/product_cat?post=574"},{"taxonomy":"product_tag","embeddable":true,"href":"https:\/\/dudziakwypozyczalnia.com\/index.php\/wp-json\/wp\/v2\/product_tag?post=574"}],"curies":[{"name":"wp","href":"https:\/\/api.w.org\/{rel}","templated":true}]}}