{"id":900,"date":"2024-01-17T14:40:48","date_gmt":"2024-01-17T13:40:48","guid":{"rendered":"https:\/\/dudziakwypozyczalnia.com\/?post_type=product&#038;p=900"},"modified":"2024-08-05T15:43:55","modified_gmt":"2024-08-05T13:43:55","slug":"enar-dingo","status":"publish","type":"product","link":"https:\/\/dudziakwypozyczalnia.com\/index.php\/produkt\/enar-dingo\/","title":{"rendered":"Enar dingo"},"content":{"rendered":"<p><strong>Enar DINGO to wibrator pogr\u0105\u017calny do betonu<\/strong>, kt\u00f3ry poradzi sobie zar\u00f3wno na\u00a0wi\u0119kszych placach budowy, gdzie wydajno\u015b\u0107 musi by\u0107 na\u00a0najwy\u017cszym poziomie, jak i\u00a0w przypadku budowy dom\u00f3w jednorodzinnych i\u00a0mniejszych. Nap\u0119d elektryczny zapewnia wydajno\u015b\u0107 oraz\u00a0wielogodzinn\u0105 prac\u0119. Obudowa posiada trzy uchwyty chroni\u0105ce silnik, ale\u00a0tak\u017ce zwi\u0119kszaj\u0105ce komfort u\u017cytkowania. Takie rozwi\u0105zanie pozwala na\u00a0prac\u0119 w\u00a0pozycji poziomej oraz\u00a0pionowej. Bu\u0142awa oraz\u00a0wa\u0142ek gi\u0119tki wykonano z\u00a0wysokiej jako\u015bci materia\u0142\u00f3w, kt\u00f3re s\u0105 odporne na\u00a0zu\u017cycie, czy\u00a0uszkodzenia.<\/p>\n","protected":false},"excerpt":{"rendered":"<p>Enar DINGO to wibrator pogr\u0105\u017calny do betonu, kt\u00f3ry poradzi sobie zar\u00f3wno na\u00a0wi\u0119kszych placach budowy, gdzie wydajno\u015b\u0107 musi by\u0107 na\u00a0najwy\u017cszym poziomie, jak i\u00a0w przypadku budowy dom\u00f3w jednorodzinnych i\u00a0mniejszych. Nap\u0119d elektryczny zapewnia wydajno\u015b\u0107 oraz\u00a0wielogodzinn\u0105 prac\u0119. Obudowa posiada trzy uchwyty chroni\u0105ce silnik, ale\u00a0tak\u017ce zwi\u0119kszaj\u0105ce komfort u\u017cytkowania. Takie rozwi\u0105zanie pozwala na\u00a0prac\u0119 w\u00a0pozycji poziomej oraz\u00a0pionowej. Bu\u0142awa oraz\u00a0wa\u0142ek gi\u0119tki wykonano z\u00a0wysokiej [&hellip;]<\/p>\n","protected":false},"featured_media":903,"comment_status":"open","ping_status":"closed","template":"","meta":{"_acf_changed":false},"product_brand":[],"product_cat":[119,154],"product_tag":[],"class_list":{"0":"post-900","1":"product","2":"type-product","3":"status-publish","4":"has-post-thumbnail","6":"product_cat-asortyment-budowlany","7":"product_cat-wibratory-do-betonu","9":"first","10":"instock","11":"shipping-taxable","12":"purchasable","13":"product-type-simple"},"acf":{"dane_techniczne":"CI\u0118\u017bAR 9,5 kg,\r\nCZ\u0118STOTLIWO\u015a\u0106 50 - 60 Hz\r\nD\u0141UGO\u015a\u0106 BU\u0141AWY 365 mm\r\nD\u0141UGO\u015a\u0106 WA\u0141KA 0,6 m\r\nMOC 2,3 kW \/ 3 KM\r\nNAPI\u0118CIE 230 V (jednofazowe)\r\nOBROTY BU\u0141AWY 13 750\/min\r\nOBROTY NAP\u0118DU 18 000\/min\r\n\u015aREDNICA BU\u0141AWY 32 mm\r\nWYDAJNO\u015a\u0106 14 m3\/h","Kaucja":"","Cena za dob\u0119":80,"zastosowanie":"Kompletny wibrator pogr\u0105\u017calny do betonu hiszpa\u0144skiej marki Enar.","uwagi":""},"_links":{"self":[{"href":"https:\/\/dudziakwypozyczalnia.com\/index.php\/wp-json\/wp\/v2\/product\/900","targetHints":{"allow":["GET"]}}],"collection":[{"href":"https:\/\/dudziakwypozyczalnia.com\/index.php\/wp-json\/wp\/v2\/product"}],"about":[{"href":"https:\/\/dudziakwypozyczalnia.com\/index.php\/wp-json\/wp\/v2\/types\/product"}],"replies":[{"embeddable":true,"href":"https:\/\/dudziakwypozyczalnia.com\/index.php\/wp-json\/wp\/v2\/comments?post=900"}],"wp:featuredmedia":[{"embeddable":true,"href":"https:\/\/dudziakwypozyczalnia.com\/index.php\/wp-json\/wp\/v2\/media\/903"}],"wp:attachment":[{"href":"https:\/\/dudziakwypozyczalnia.com\/index.php\/wp-json\/wp\/v2\/media?parent=900"}],"wp:term":[{"taxonomy":"product_brand","embeddable":true,"href":"https:\/\/dudziakwypozyczalnia.com\/index.php\/wp-json\/wp\/v2\/product_brand?post=900"},{"taxonomy":"product_cat","embeddable":true,"href":"https:\/\/dudziakwypozyczalnia.com\/index.php\/wp-json\/wp\/v2\/product_cat?post=900"},{"taxonomy":"product_tag","embeddable":true,"href":"https:\/\/dudziakwypozyczalnia.com\/index.php\/wp-json\/wp\/v2\/product_tag?post=900"}],"curies":[{"name":"wp","href":"https:\/\/api.w.org\/{rel}","templated":true}]}}