{"id":902,"date":"2024-01-17T14:43:33","date_gmt":"2024-01-17T13:43:33","guid":{"rendered":"https:\/\/dudziakwypozyczalnia.com\/?post_type=product&#038;p=902"},"modified":"2024-09-01T19:03:45","modified_gmt":"2024-09-01T17:03:45","slug":"husqvarna-pg-280-s","status":"publish","type":"product","link":"https:\/\/dudziakwypozyczalnia.com\/index.php\/produkt\/husqvarna-pg-280-s\/","title":{"rendered":"Szlifierka do posadzek Husqvarna PG 280"},"content":{"rendered":"","protected":false},"excerpt":{"rendered":"","protected":false},"featured_media":1065,"comment_status":"open","ping_status":"closed","template":"","meta":{"_acf_changed":false},"product_brand":[],"product_cat":[119,156],"product_tag":[],"class_list":{"0":"post-902","1":"product","2":"type-product","3":"status-publish","4":"has-post-thumbnail","6":"product_cat-asortyment-budowlany","7":"product_cat-szlifierki-do-betonu","9":"first","10":"instock","11":"shipping-taxable","12":"purchasable","13":"product-type-simple"},"acf":{"dane_techniczne":"moc (kW): 2.2\r\nnapi\u0119cie (V): 230\r\npr\u0105d znamionowy (A): 16\r\nzasilanie: 1-fazowa\r\nszeroko\u015b\u0107 robocza (mm): 280\r\ntarcza szlifierska (mm): 280\r\nca\u0142kowity nacisk (kg): 41\r\npr\u0119dko\u015b\u0107 tarczy szlifierskiej (obr\/min): 1400\r\nwymiary (d\u0142. x szer.x wys. [mm]): 1200 x 305 x 1000\r\nci\u0119\u017car (kg): 70","Kaucja":1000,"Cena za dob\u0119":170,"zastosowanie":"Szlifierka PG 280 skutecznie usuwa kleje, farby, epoksydy i szpachl\u00f3wki. Szeroko\u015b\u0107 robocza 280 mm sprawia, \u017ce mo\u017ce by\u0107 u\u017cywana do mniejszych i \u015bredniej wielko\u015bci powierzchni betonowych. Szybkoz\u0142\u0105cza umo\u017cliwiaj\u0105 \u0142atwe od\u0142\u0105czenie g\u0142owicy szlifierskiej od podwozia podczas transportu maszyny. Dost\u0119pna tylko w wersji jednofazowej.","uwagi":"cena kamieni za ka\u017cdy rozpocz\u0119ty  mm w zak\u0142adce akcesoria\r\nZALECANY ODKURZACZ HUSQVARNA S26"},"_links":{"self":[{"href":"https:\/\/dudziakwypozyczalnia.com\/index.php\/wp-json\/wp\/v2\/product\/902","targetHints":{"allow":["GET"]}}],"collection":[{"href":"https:\/\/dudziakwypozyczalnia.com\/index.php\/wp-json\/wp\/v2\/product"}],"about":[{"href":"https:\/\/dudziakwypozyczalnia.com\/index.php\/wp-json\/wp\/v2\/types\/product"}],"replies":[{"embeddable":true,"href":"https:\/\/dudziakwypozyczalnia.com\/index.php\/wp-json\/wp\/v2\/comments?post=902"}],"wp:featuredmedia":[{"embeddable":true,"href":"https:\/\/dudziakwypozyczalnia.com\/index.php\/wp-json\/wp\/v2\/media\/1065"}],"wp:attachment":[{"href":"https:\/\/dudziakwypozyczalnia.com\/index.php\/wp-json\/wp\/v2\/media?parent=902"}],"wp:term":[{"taxonomy":"product_brand","embeddable":true,"href":"https:\/\/dudziakwypozyczalnia.com\/index.php\/wp-json\/wp\/v2\/product_brand?post=902"},{"taxonomy":"product_cat","embeddable":true,"href":"https:\/\/dudziakwypozyczalnia.com\/index.php\/wp-json\/wp\/v2\/product_cat?post=902"},{"taxonomy":"product_tag","embeddable":true,"href":"https:\/\/dudziakwypozyczalnia.com\/index.php\/wp-json\/wp\/v2\/product_tag?post=902"}],"curies":[{"name":"wp","href":"https:\/\/api.w.org\/{rel}","templated":true}]}}